{"id":436,"date":"2019-06-24T10:35:29","date_gmt":"2019-06-24T08:35:29","guid":{"rendered":"http:\/\/gpm3.eu\/polish\/?page_id=436"},"modified":"2024-01-19T12:01:10","modified_gmt":"2024-01-19T11:01:10","slug":"model-dojrzalosci","status":"publish","type":"page","link":"http:\/\/gpm3.eu\/polish\/model-dojrzalosci\/","title":{"rendered":"Modele dojrza\u0142o\u015bci"},"content":{"rendered":"<div id=\"dslc-theme-content\"><div id=\"dslc-theme-content-inner\">\n<p><a href=\"http:\/\/www.sybena.pl\/dokumenty\/MD-Meta-model-dojrzalosci-zarzadzania-projektami-V1.0.pdf\">Meta-model\ndojrza\u0142o\u015bci zarz\u0105dzania projektami<\/a><\/p>\n\n\n\n<p><a href=\"http:\/\/www.sybena.pl\/dokumenty\/MD-Model-dojrzalosci-metodyk-zarzadzania-projektami-V1.0.pdf\">Dojrza\u0142o\u015b\u0107 metodyk\nzarz\u0105dzania projektami<\/a><\/p>\n\n\n\n<p><a href=\"http:\/\/www.sybena.pl\/dokumenty\/MD-Model-dojrzalosci-systemow-ppm-V1.0.pdf\">Dojrza\u0142o\u015b\u0107\nsystem\u00f3w zarz\u0105dzania projektami<\/a><\/p>\n<\/div><\/div>","protected":false},"excerpt":{"rendered":"<p>Meta-model dojrza\u0142o\u015bci zarz\u0105dzania projektami Dojrza\u0142o\u015b\u0107 metodyk zarz\u0105dzania projektami Dojrza\u0142o\u015b\u0107 system\u00f3w zarz\u0105dzania projektami<\/p>\n","protected":false},"author":2,"featured_media":0,"parent":0,"menu_order":0,"comment_status":"closed","ping_status":"closed","template":"","meta":{"footnotes":""},"class_list":["post-436","page","type-page","status-publish","hentry"],"yoast_head":"<!-- This site is optimized with the Yoast SEO plugin v24.6 - https:\/\/yoast.com\/wordpress\/plugins\/seo\/ -->\n<title>Modele dojrza\u0142o\u015bci - PL | gpm3.eu\/polish<\/title>\n<meta name=\"description\" content=\"Model dojrza\u0142o\u015bci pokazuje, jak sprawnie funkcjonuje organizacja w okre\u015blonej dziedzinie. Meta-model dojrza\u0142o\u015bci projektowej, dojrza\u0142o\u015b\u0107 metodyk zarz\u0105dzania projektami i dojrza\u0142o\u015b\u0107 system\u00f3w zarz\u0105dzania projektami mo\u017cesz znale\u017a\u0107 na tej stronie.\" \/>\n<meta name=\"robots\" content=\"index, follow, max-snippet:-1, max-image-preview:large, max-video-preview:-1\" \/>\n<link rel=\"canonical\" href=\"http:\/\/gpm3.eu\/polish\/model-dojrzalosci\/\" \/>\n<meta property=\"og:locale\" content=\"pl_PL\" \/>\n<meta property=\"og:type\" content=\"article\" \/>\n<meta property=\"og:title\" content=\"Modele dojrza\u0142o\u015bci - PL | gpm3.eu\/polish\" \/>\n<meta property=\"og:description\" content=\"Model dojrza\u0142o\u015bci pokazuje, jak sprawnie funkcjonuje organizacja w okre\u015blonej dziedzinie. Meta-model dojrza\u0142o\u015bci projektowej, dojrza\u0142o\u015b\u0107 metodyk zarz\u0105dzania projektami i dojrza\u0142o\u015b\u0107 system\u00f3w zarz\u0105dzania projektami mo\u017cesz znale\u017a\u0107 na tej stronie.\" \/>\n<meta property=\"og:url\" content=\"http:\/\/gpm3.eu\/polish\/model-dojrzalosci\/\" \/>\n<meta property=\"og:site_name\" content=\"PL | gpm3.eu\/polish\" \/>\n<meta property=\"article:modified_time\" content=\"2024-01-19T11:01:10+00:00\" \/>\n<meta name=\"twitter:card\" content=\"summary_large_image\" \/>\n<script type=\"application\/ld+json\" class=\"yoast-schema-graph\">{\"@context\":\"https:\/\/schema.org\",\"@graph\":[{\"@type\":\"WebPage\",\"@id\":\"http:\/\/gpm3.eu\/polish\/model-dojrzalosci\/\",\"url\":\"http:\/\/gpm3.eu\/polish\/model-dojrzalosci\/\",\"name\":\"Modele dojrza\u0142o\u015bci - PL | gpm3.eu\/polish\",\"isPartOf\":{\"@id\":\"http:\/\/gpm3.eu\/polish\/#website\"},\"datePublished\":\"2019-06-24T08:35:29+00:00\",\"dateModified\":\"2024-01-19T11:01:10+00:00\",\"description\":\"Model dojrza\u0142o\u015bci pokazuje, jak sprawnie funkcjonuje organizacja w okre\u015blonej dziedzinie. Meta-model dojrza\u0142o\u015bci projektowej, dojrza\u0142o\u015b\u0107 metodyk zarz\u0105dzania projektami i dojrza\u0142o\u015b\u0107 system\u00f3w zarz\u0105dzania projektami mo\u017cesz znale\u017a\u0107 na tej stronie.\",\"breadcrumb\":{\"@id\":\"http:\/\/gpm3.eu\/polish\/model-dojrzalosci\/#breadcrumb\"},\"inLanguage\":\"pl-PL\",\"potentialAction\":[{\"@type\":\"ReadAction\",\"target\":[\"http:\/\/gpm3.eu\/polish\/model-dojrzalosci\/\"]}]},{\"@type\":\"BreadcrumbList\",\"@id\":\"http:\/\/gpm3.eu\/polish\/model-dojrzalosci\/#breadcrumb\",\"itemListElement\":[{\"@type\":\"ListItem\",\"position\":1,\"name\":\"Home\",\"item\":\"http:\/\/gpm3.eu\/polish\/\"},{\"@type\":\"ListItem\",\"position\":2,\"name\":\"Modele dojrza\u0142o\u015bci\"}]},{\"@type\":\"WebSite\",\"@id\":\"http:\/\/gpm3.eu\/polish\/#website\",\"url\":\"http:\/\/gpm3.eu\/polish\/\",\"name\":\"PL | gpm3.eu\/polish\",\"description\":\"gpm3.eu\/polish\",\"potentialAction\":[{\"@type\":\"SearchAction\",\"target\":{\"@type\":\"EntryPoint\",\"urlTemplate\":\"http:\/\/gpm3.eu\/polish\/?s={search_term_string}\"},\"query-input\":{\"@type\":\"PropertyValueSpecification\",\"valueRequired\":true,\"valueName\":\"search_term_string\"}}],\"inLanguage\":\"pl-PL\"}]}<\/script>\n<!-- \/ Yoast SEO plugin. -->","yoast_head_json":{"title":"Modele dojrza\u0142o\u015bci - PL | gpm3.eu\/polish","description":"Model dojrza\u0142o\u015bci pokazuje, jak sprawnie funkcjonuje organizacja w okre\u015blonej dziedzinie. Meta-model dojrza\u0142o\u015bci projektowej, dojrza\u0142o\u015b\u0107 metodyk zarz\u0105dzania projektami i dojrza\u0142o\u015b\u0107 system\u00f3w zarz\u0105dzania projektami mo\u017cesz znale\u017a\u0107 na tej stronie.","robots":{"index":"index","follow":"follow","max-snippet":"max-snippet:-1","max-image-preview":"max-image-preview:large","max-video-preview":"max-video-preview:-1"},"canonical":"http:\/\/gpm3.eu\/polish\/model-dojrzalosci\/","og_locale":"pl_PL","og_type":"article","og_title":"Modele dojrza\u0142o\u015bci - PL | gpm3.eu\/polish","og_description":"Model dojrza\u0142o\u015bci pokazuje, jak sprawnie funkcjonuje organizacja w okre\u015blonej dziedzinie. Meta-model dojrza\u0142o\u015bci projektowej, dojrza\u0142o\u015b\u0107 metodyk zarz\u0105dzania projektami i dojrza\u0142o\u015b\u0107 system\u00f3w zarz\u0105dzania projektami mo\u017cesz znale\u017a\u0107 na tej stronie.","og_url":"http:\/\/gpm3.eu\/polish\/model-dojrzalosci\/","og_site_name":"PL | gpm3.eu\/polish","article_modified_time":"2024-01-19T11:01:10+00:00","twitter_card":"summary_large_image","schema":{"@context":"https:\/\/schema.org","@graph":[{"@type":"WebPage","@id":"http:\/\/gpm3.eu\/polish\/model-dojrzalosci\/","url":"http:\/\/gpm3.eu\/polish\/model-dojrzalosci\/","name":"Modele dojrza\u0142o\u015bci - PL | gpm3.eu\/polish","isPartOf":{"@id":"http:\/\/gpm3.eu\/polish\/#website"},"datePublished":"2019-06-24T08:35:29+00:00","dateModified":"2024-01-19T11:01:10+00:00","description":"Model dojrza\u0142o\u015bci pokazuje, jak sprawnie funkcjonuje organizacja w okre\u015blonej dziedzinie. Meta-model dojrza\u0142o\u015bci projektowej, dojrza\u0142o\u015b\u0107 metodyk zarz\u0105dzania projektami i dojrza\u0142o\u015b\u0107 system\u00f3w zarz\u0105dzania projektami mo\u017cesz znale\u017a\u0107 na tej stronie.","breadcrumb":{"@id":"http:\/\/gpm3.eu\/polish\/model-dojrzalosci\/#breadcrumb"},"inLanguage":"pl-PL","potentialAction":[{"@type":"ReadAction","target":["http:\/\/gpm3.eu\/polish\/model-dojrzalosci\/"]}]},{"@type":"BreadcrumbList","@id":"http:\/\/gpm3.eu\/polish\/model-dojrzalosci\/#breadcrumb","itemListElement":[{"@type":"ListItem","position":1,"name":"Home","item":"http:\/\/gpm3.eu\/polish\/"},{"@type":"ListItem","position":2,"name":"Modele dojrza\u0142o\u015bci"}]},{"@type":"WebSite","@id":"http:\/\/gpm3.eu\/polish\/#website","url":"http:\/\/gpm3.eu\/polish\/","name":"PL | gpm3.eu\/polish","description":"gpm3.eu\/polish","potentialAction":[{"@type":"SearchAction","target":{"@type":"EntryPoint","urlTemplate":"http:\/\/gpm3.eu\/polish\/?s={search_term_string}"},"query-input":{"@type":"PropertyValueSpecification","valueRequired":true,"valueName":"search_term_string"}}],"inLanguage":"pl-PL"}]}},"_links":{"self":[{"href":"http:\/\/gpm3.eu\/polish\/wp-json\/wp\/v2\/pages\/436","targetHints":{"allow":["GET"]}}],"collection":[{"href":"http:\/\/gpm3.eu\/polish\/wp-json\/wp\/v2\/pages"}],"about":[{"href":"http:\/\/gpm3.eu\/polish\/wp-json\/wp\/v2\/types\/page"}],"author":[{"embeddable":true,"href":"http:\/\/gpm3.eu\/polish\/wp-json\/wp\/v2\/users\/2"}],"replies":[{"embeddable":true,"href":"http:\/\/gpm3.eu\/polish\/wp-json\/wp\/v2\/comments?post=436"}],"version-history":[{"count":2,"href":"http:\/\/gpm3.eu\/polish\/wp-json\/wp\/v2\/pages\/436\/revisions"}],"predecessor-version":[{"id":467,"href":"http:\/\/gpm3.eu\/polish\/wp-json\/wp\/v2\/pages\/436\/revisions\/467"}],"wp:attachment":[{"href":"http:\/\/gpm3.eu\/polish\/wp-json\/wp\/v2\/media?parent=436"}],"curies":[{"name":"wp","href":"https:\/\/api.w.org\/{rel}","templated":true}]}}