{"id":53,"date":"2019-03-22T09:58:53","date_gmt":"2019-03-22T08:58:53","guid":{"rendered":"http:\/\/gpm3.eu\/polish\/?page_id=53"},"modified":"2019-06-21T14:12:36","modified_gmt":"2019-06-21T12:12:36","slug":"ocena-poziomu-dojrzalosci-systemu-realizacji-projektow-rzadowych","status":"publish","type":"page","link":"http:\/\/gpm3.eu\/polish\/ocena-poziomu-dojrzalosci-systemu-realizacji-projektow-rzadowych\/","title":{"rendered":"Jak dzia\u0142a Tw\u00f3j SRPR?"},"content":{"rendered":"<div id=\"dslc-main\">\n\t\t<div  class=\"dslc-modules-section \" style=\"padding-bottom:45px;padding-top:45px;background-image:url(https:\/\/gpm3.eu\/polish\/wp-content\/uploads\/sites\/2\/2019\/04\/tlo.jpg);background-position:center center;background-size:cover;\" data-section-id=\"6c8c1fd78e8\">\n\t\t\t\t<div class=\"dslc-bg-video dslc-force-show\"><div class=\"dslc-bg-video-overlay\" style=\"background-color:#08214e; opacity:0.85; \"><\/div><\/div>\n\t\t\t\t\n\t\t\t\t<div class=\"dslc-modules-section-wrapper dslc-clearfix\"><div class=\"dslc-modules-area dslc-col dslc-2-col dslc-first-col\" data-size=\"2\" data-valign=\"\"><\/div><div class=\"dslc-modules-area dslc-col dslc-8-col \" data-size=\"8\" data-valign=\"\">\n\t\t<div id=\"dslc-module-891c4a6d269\" class=\"dslc-module-front dslc-module-DSLC_Text_Simple dslc-in-viewport-check dslc-in-viewport-anim-none  dslc-col dslc-12-col dslc-last-col  dslc-module-handle-like-regular \" data-module-id=\"891c4a6d269\" data-module=\"DSLC_Text_Simple\" data-dslc-module-size=\"12\" data-dslc-anim=\"none\" data-dslc-anim-delay=\"\" data-dslc-anim-duration=\"650\"  data-dslc-anim-easing=\"ease\" data-dslc-preset=\"none\" >\n\n\t\t\t\n\t\t\t\n\t\t\r\n\t\t<div class=\"dslc-text-module-content\">\r\n\t\t\t<p>Co robi\u0107?<\/p>\t\t<\/div>\r\n\r\n\t\t\n\t\t\t\t<\/div><!-- .dslc-module -->\n\t\t<\/div><\/div><\/div>\n\t\t<div  class=\"dslc-modules-section dostosuj-wysokosc \" style=\"padding-bottom:20px;padding-top:20px;background-color:#ededed;\" data-section-id=\"215f148641a\">\n\t\t\t\t\n\t\t\t\t\n\t\t\t\t<div class=\"dslc-modules-section-wrapper dslc-clearfix\"><div class=\"dslc-modules-area dslc-col dslc-12-col dslc-last-col\" data-size=\"12\" data-valign=\"\">\n\t\t<div id=\"dslc-module-c11a8ed3f1d\" class=\"dslc-module-front dslc-module-DSLC_Text_Simple dslc-in-viewport-check dslc-in-viewport-anim-none  dslc-col dslc-12-col dslc-last-col  dslc-module-handle-like-regular \" data-module-id=\"c11a8ed3f1d\" data-module=\"DSLC_Text_Simple\" data-dslc-module-size=\"12\" data-dslc-anim=\"none\" data-dslc-anim-delay=\"\" data-dslc-anim-duration=\"650\"  data-dslc-anim-easing=\"ease\" data-dslc-preset=\"none\" >\n\n\t\t\t\n\t\t\t\n\t\t\r\n\t\t<div class=\"dslc-text-module-content\">\r\n\t\t\t<p>Jak dzia\u0142a Tw\u00f3j SRPR?<\/p>\t\t<\/div>\r\n\r\n\t\t\n\t\t\t\t<\/div><!-- .dslc-module -->\n\t\t\n\t\t<div id=\"dslc-module-5d7b138ee0b\" class=\"dslc-module-front dslc-module-DSLC_Text_Simple dslc-in-viewport-check dslc-in-viewport-anim-none  dslc-col dslc-12-col dslc-last-col  dslc-module-handle-like-regular \" data-module-id=\"5d7b138ee0b\" data-module=\"DSLC_Text_Simple\" data-dslc-module-size=\"12\" data-dslc-anim=\"none\" data-dslc-anim-delay=\"\" data-dslc-anim-duration=\"950\"  data-dslc-anim-easing=\"ease\" data-dslc-preset=\"none\" >\n\n\t\t\t\n\t\t\t\n\t\t\r\n\t\t<div class=\"dslc-text-module-content\">\r\n\t\t\t<p><span style=\"color: #000000;\">Czy wszystkie projekty rz\u0105dowe w Twoim kraju s\u0105 realizowane na czas? Czy nie przekraczaj\u0105 bud\u017cetu? A mo\u017ce zbudowano drogi, koleje i lotniska, z kt\u00f3rych korzysta niewiele os\u00f3b? Czy w organizacjach rz\u0105dowych istniej\u0105 systemy informatyczne, kt\u00f3re zamiast usprawnia\u0107, utrudniaj\u0105 funkcje administracyjne? A mo\u017ce porzuca si\u0119 z rozpocz\u0119te projekty rz\u0105dowe?<\/span><\/p><p><span style=\"color: #000000;\">Je\u015bli tak jest, oznacza to, \u017ce SRPR w Twoim kraju dzia\u0142a nieprawid\u0142owo, a pieni\u0105dze podatnik\u00f3w s\u0105 marnowane. Mo\u017ce w og\u00f3le nie wiesz, \u017ce w Twoim kraju dzia\u0142a SRPR? Ale on istnieje, tak jak w ka\u017cdym rz\u0105dzie. Pytanie brzmi: czy jest to nieuporz\u0105dkowany zestaw przypadkowych, niepowi\u0105zanych praktyk, czy te\u017c jest to przemy\u015blany system skutecznie wsp\u00f3\u0142pracuj\u0105cych element\u00f3w?<\/span><\/p><p><span style=\"color: #000000;\">Je\u015bli chcesz wiedzie\u0107, jakie s\u0105 przyczyny tej sytuacji, powiniene\u015b przeprowadzi\u0107 ocen\u0119 swojego SRPR. Ocena ta okre\u015bli, na jakim poziomie dojrza\u0142o\u015bci znajduje si\u0119 obecnie Tw\u00f3j SRPR, a tak\u017ce poka\u017ce, kt\u00f3re procesy, grupy proces\u00f3w lub praktyki wymagaj\u0105 poprawy.<\/span> <a href=\"https:\/\/gpm3.eu\/polish\/model-dojrzalosci-rzadowego-zarzadzania-projektami\/\">Model Dojrza\u0142o\u015bci Systemu Realizacji Projekt\u00f3w Rz\u0105dowych<\/a> <span style=\"color: #000000;\">zawiera mi\u0119dzy innymi opisy praktyk i proces\u00f3w zarz\u0105dzania projektami z rz\u0105d\u00f3w kraj\u00f3w rozwini\u0119tych. Te praktyki mog\u0105 by\u0107 podstaw\u0105 do okre\u015blenia mocnych i s\u0142abych stron Twojego SRPR. Oczywi\u015bcie, musz\u0105 by\u0107 one dostosowane do konkretnego \u015brodowiska, kultury, sytuacji ekonomicznej, systemu administracyjnego i innych czynnik\u00f3w okre\u015blaj\u0105cych spos\u00f3b dzia\u0142ania Twojego rz\u0105du.<\/span><\/p>\t\t<\/div>\r\n\r\n\t\t\n\t\t\t\t<\/div><!-- .dslc-module -->\n\t\t<\/div><\/div><\/div><\/div>","protected":false},"excerpt":{"rendered":"<p>Co robi\u0107? Jak dzia\u0142a Tw\u00f3j SRPR? Czy wszystkie projekty rz\u0105dowe w Twoim kraju s\u0105 realizowane na czas? Czy nie przekraczaj\u0105 bud\u017cetu? A mo\u017ce zbudowano drogi, koleje i lotniska, z kt\u00f3rych korzysta niewiele os\u00f3b? Czy w organizacjach rz\u0105dowych istniej\u0105 systemy informatyczne, kt\u00f3re zamiast usprawnia\u0107, utrudniaj\u0105 funkcje administracyjne? A mo\u017ce porzuca si\u0119 z rozpocz\u0119te projekty rz\u0105dowe?Je\u015bli tak [&hellip;]<\/p>\n","protected":false},"author":1,"featured_media":0,"parent":0,"menu_order":0,"comment_status":"closed","ping_status":"closed","template":"","meta":{"footnotes":""},"class_list":["post-53","page","type-page","status-publish","hentry"],"yoast_head":"<!-- This site is optimized with the Yoast SEO plugin v24.6 - https:\/\/yoast.com\/wordpress\/plugins\/seo\/ -->\n<title>Jak dzia\u0142a Tw\u00f3j SRPR? - PL | gpm3.eu\/polish<\/title>\n<meta name=\"description\" content=\"Czy wszystkie projekty rz\u0105dowe w Twoim kraju s\u0105 realizowane na czas? Czy nie przekraczaj\u0105 bud\u017cetu? A mo\u017ce zbudowano drogi, koleje i lotniska, z kt\u00f3rych korzysta niewiele os\u00f3b?\" \/>\n<meta name=\"robots\" content=\"index, follow, max-snippet:-1, max-image-preview:large, max-video-preview:-1\" \/>\n<link rel=\"canonical\" href=\"http:\/\/gpm3.eu\/polish\/ocena-poziomu-dojrzalosci-systemu-realizacji-projektow-rzadowych\/\" \/>\n<meta property=\"og:locale\" content=\"pl_PL\" \/>\n<meta property=\"og:type\" content=\"article\" \/>\n<meta property=\"og:title\" content=\"Jak dzia\u0142a Tw\u00f3j SRPR? - PL | gpm3.eu\/polish\" \/>\n<meta property=\"og:description\" content=\"Czy wszystkie projekty rz\u0105dowe w Twoim kraju s\u0105 realizowane na czas? Czy nie przekraczaj\u0105 bud\u017cetu? A mo\u017ce zbudowano drogi, koleje i lotniska, z kt\u00f3rych korzysta niewiele os\u00f3b?\" \/>\n<meta property=\"og:url\" content=\"http:\/\/gpm3.eu\/polish\/ocena-poziomu-dojrzalosci-systemu-realizacji-projektow-rzadowych\/\" \/>\n<meta property=\"og:site_name\" content=\"PL | gpm3.eu\/polish\" \/>\n<meta property=\"article:modified_time\" content=\"2019-06-21T12:12:36+00:00\" \/>\n<meta name=\"twitter:card\" content=\"summary_large_image\" \/>\n<script type=\"application\/ld+json\" class=\"yoast-schema-graph\">{\"@context\":\"https:\/\/schema.org\",\"@graph\":[{\"@type\":\"WebPage\",\"@id\":\"http:\/\/gpm3.eu\/polish\/ocena-poziomu-dojrzalosci-systemu-realizacji-projektow-rzadowych\/\",\"url\":\"http:\/\/gpm3.eu\/polish\/ocena-poziomu-dojrzalosci-systemu-realizacji-projektow-rzadowych\/\",\"name\":\"Jak dzia\u0142a Tw\u00f3j SRPR? - PL | gpm3.eu\/polish\",\"isPartOf\":{\"@id\":\"http:\/\/gpm3.eu\/polish\/#website\"},\"datePublished\":\"2019-03-22T08:58:53+00:00\",\"dateModified\":\"2019-06-21T12:12:36+00:00\",\"description\":\"Czy wszystkie projekty rz\u0105dowe w Twoim kraju s\u0105 realizowane na czas? Czy nie przekraczaj\u0105 bud\u017cetu? A mo\u017ce zbudowano drogi, koleje i lotniska, z kt\u00f3rych korzysta niewiele os\u00f3b?\",\"breadcrumb\":{\"@id\":\"http:\/\/gpm3.eu\/polish\/ocena-poziomu-dojrzalosci-systemu-realizacji-projektow-rzadowych\/#breadcrumb\"},\"inLanguage\":\"pl-PL\",\"potentialAction\":[{\"@type\":\"ReadAction\",\"target\":[\"http:\/\/gpm3.eu\/polish\/ocena-poziomu-dojrzalosci-systemu-realizacji-projektow-rzadowych\/\"]}]},{\"@type\":\"BreadcrumbList\",\"@id\":\"http:\/\/gpm3.eu\/polish\/ocena-poziomu-dojrzalosci-systemu-realizacji-projektow-rzadowych\/#breadcrumb\",\"itemListElement\":[{\"@type\":\"ListItem\",\"position\":1,\"name\":\"Home\",\"item\":\"http:\/\/gpm3.eu\/polish\/\"},{\"@type\":\"ListItem\",\"position\":2,\"name\":\"Jak dzia\u0142a Tw\u00f3j SRPR?\"}]},{\"@type\":\"WebSite\",\"@id\":\"http:\/\/gpm3.eu\/polish\/#website\",\"url\":\"http:\/\/gpm3.eu\/polish\/\",\"name\":\"PL | gpm3.eu\/polish\",\"description\":\"gpm3.eu\/polish\",\"potentialAction\":[{\"@type\":\"SearchAction\",\"target\":{\"@type\":\"EntryPoint\",\"urlTemplate\":\"http:\/\/gpm3.eu\/polish\/?s={search_term_string}\"},\"query-input\":{\"@type\":\"PropertyValueSpecification\",\"valueRequired\":true,\"valueName\":\"search_term_string\"}}],\"inLanguage\":\"pl-PL\"}]}<\/script>\n<!-- \/ Yoast SEO plugin. -->","yoast_head_json":{"title":"Jak dzia\u0142a Tw\u00f3j SRPR? - PL | gpm3.eu\/polish","description":"Czy wszystkie projekty rz\u0105dowe w Twoim kraju s\u0105 realizowane na czas? Czy nie przekraczaj\u0105 bud\u017cetu? A mo\u017ce zbudowano drogi, koleje i lotniska, z kt\u00f3rych korzysta niewiele os\u00f3b?","robots":{"index":"index","follow":"follow","max-snippet":"max-snippet:-1","max-image-preview":"max-image-preview:large","max-video-preview":"max-video-preview:-1"},"canonical":"http:\/\/gpm3.eu\/polish\/ocena-poziomu-dojrzalosci-systemu-realizacji-projektow-rzadowych\/","og_locale":"pl_PL","og_type":"article","og_title":"Jak dzia\u0142a Tw\u00f3j SRPR? - PL | gpm3.eu\/polish","og_description":"Czy wszystkie projekty rz\u0105dowe w Twoim kraju s\u0105 realizowane na czas? Czy nie przekraczaj\u0105 bud\u017cetu? A mo\u017ce zbudowano drogi, koleje i lotniska, z kt\u00f3rych korzysta niewiele os\u00f3b?","og_url":"http:\/\/gpm3.eu\/polish\/ocena-poziomu-dojrzalosci-systemu-realizacji-projektow-rzadowych\/","og_site_name":"PL | gpm3.eu\/polish","article_modified_time":"2019-06-21T12:12:36+00:00","twitter_card":"summary_large_image","schema":{"@context":"https:\/\/schema.org","@graph":[{"@type":"WebPage","@id":"http:\/\/gpm3.eu\/polish\/ocena-poziomu-dojrzalosci-systemu-realizacji-projektow-rzadowych\/","url":"http:\/\/gpm3.eu\/polish\/ocena-poziomu-dojrzalosci-systemu-realizacji-projektow-rzadowych\/","name":"Jak dzia\u0142a Tw\u00f3j SRPR? - PL | gpm3.eu\/polish","isPartOf":{"@id":"http:\/\/gpm3.eu\/polish\/#website"},"datePublished":"2019-03-22T08:58:53+00:00","dateModified":"2019-06-21T12:12:36+00:00","description":"Czy wszystkie projekty rz\u0105dowe w Twoim kraju s\u0105 realizowane na czas? Czy nie przekraczaj\u0105 bud\u017cetu? A mo\u017ce zbudowano drogi, koleje i lotniska, z kt\u00f3rych korzysta niewiele os\u00f3b?","breadcrumb":{"@id":"http:\/\/gpm3.eu\/polish\/ocena-poziomu-dojrzalosci-systemu-realizacji-projektow-rzadowych\/#breadcrumb"},"inLanguage":"pl-PL","potentialAction":[{"@type":"ReadAction","target":["http:\/\/gpm3.eu\/polish\/ocena-poziomu-dojrzalosci-systemu-realizacji-projektow-rzadowych\/"]}]},{"@type":"BreadcrumbList","@id":"http:\/\/gpm3.eu\/polish\/ocena-poziomu-dojrzalosci-systemu-realizacji-projektow-rzadowych\/#breadcrumb","itemListElement":[{"@type":"ListItem","position":1,"name":"Home","item":"http:\/\/gpm3.eu\/polish\/"},{"@type":"ListItem","position":2,"name":"Jak dzia\u0142a Tw\u00f3j SRPR?"}]},{"@type":"WebSite","@id":"http:\/\/gpm3.eu\/polish\/#website","url":"http:\/\/gpm3.eu\/polish\/","name":"PL | gpm3.eu\/polish","description":"gpm3.eu\/polish","potentialAction":[{"@type":"SearchAction","target":{"@type":"EntryPoint","urlTemplate":"http:\/\/gpm3.eu\/polish\/?s={search_term_string}"},"query-input":{"@type":"PropertyValueSpecification","valueRequired":true,"valueName":"search_term_string"}}],"inLanguage":"pl-PL"}]}},"_links":{"self":[{"href":"http:\/\/gpm3.eu\/polish\/wp-json\/wp\/v2\/pages\/53","targetHints":{"allow":["GET"]}}],"collection":[{"href":"http:\/\/gpm3.eu\/polish\/wp-json\/wp\/v2\/pages"}],"about":[{"href":"http:\/\/gpm3.eu\/polish\/wp-json\/wp\/v2\/types\/page"}],"author":[{"embeddable":true,"href":"http:\/\/gpm3.eu\/polish\/wp-json\/wp\/v2\/users\/1"}],"replies":[{"embeddable":true,"href":"http:\/\/gpm3.eu\/polish\/wp-json\/wp\/v2\/comments?post=53"}],"version-history":[{"count":3,"href":"http:\/\/gpm3.eu\/polish\/wp-json\/wp\/v2\/pages\/53\/revisions"}],"predecessor-version":[{"id":397,"href":"http:\/\/gpm3.eu\/polish\/wp-json\/wp\/v2\/pages\/53\/revisions\/397"}],"wp:attachment":[{"href":"http:\/\/gpm3.eu\/polish\/wp-json\/wp\/v2\/media?parent=53"}],"curies":[{"name":"wp","href":"https:\/\/api.w.org\/{rel}","templated":true}]}}