{"id":13,"date":"2019-03-21T14:28:49","date_gmt":"2019-03-21T13:28:49","guid":{"rendered":"http:\/\/gpm3.eu\/polish\/?page_id=13"},"modified":"2024-01-19T11:51:06","modified_gmt":"2024-01-19T10:51:06","slug":"wiedza","status":"publish","type":"page","link":"https:\/\/gpm3.eu\/polish\/wiedza\/","title":{"rendered":"Wiedza"},"content":{"rendered":"<div id=\"dslc-main\">\n\t\t<div  class=\"dslc-modules-section \" style=\"padding-bottom:45px;padding-top:45px;background-image:url(https:\/\/gpm3.eu\/polish\/wp-content\/uploads\/sites\/2\/2019\/03\/img2-1.jpg);background-position:center center;background-size:cover;\" data-section-id=\"62ae1fb19b1\">\n\t\t\t\t<div class=\"dslc-bg-video dslc-force-show\"><div class=\"dslc-bg-video-overlay\" style=\"background-color:#08214e; opacity:0.85; \"><\/div><\/div>\n\t\t\t\t\n\t\t\t\t<div class=\"dslc-modules-section-wrapper dslc-clearfix\"><div class=\"dslc-modules-area dslc-col dslc-2-col dslc-first-col\" data-size=\"2\" data-valign=\"\"><\/div><div class=\"dslc-modules-area dslc-col dslc-8-col \" data-size=\"8\" data-valign=\"\">\n\t\t<div id=\"dslc-module-c9e25e05547\" class=\"dslc-module-front dslc-module-DSLC_Text_Simple dslc-in-viewport-check dslc-in-viewport-anim-none  dslc-col dslc-12-col dslc-last-col  dslc-module-handle-like-regular \" data-module-id=\"c9e25e05547\" data-module=\"DSLC_Text_Simple\" data-dslc-module-size=\"12\" data-dslc-anim=\"none\" data-dslc-anim-delay=\"\" data-dslc-anim-duration=\"650\"  data-dslc-anim-easing=\"ease\" data-dslc-preset=\"none\" >\n\n\t\t\t\n\t\t\t\n\t\t\r\n\t\t<div class=\"dslc-text-module-content\">\r\n\t\t\t<p>Wiedza<\/p>\t\t<\/div>\r\n\r\n\t\t\n\t\t\t\t<\/div><!-- .dslc-module -->\n\t\t<\/div><\/div><\/div>\n\t\t<div  class=\"dslc-modules-section \" style=\"background-color:#ededed;\" data-section-id=\"5c0ca2cca3d\">\n\t\t\t\t\n\t\t\t\t\n\t\t\t\t<div class=\"dslc-modules-section-wrapper dslc-clearfix\"><div class=\"dslc-modules-area dslc-col dslc-12-col dslc-last-col\" data-size=\"12\" data-valign=\"\">\n\t\t<div id=\"dslc-module-256c0154b21\" class=\"dslc-module-front dslc-module-DSLC_Text_Simple dslc-in-viewport-check dslc-in-viewport-anim-none  dslc-col dslc-12-col dslc-last-col  dslc-module-handle-like-regular \" data-module-id=\"256c0154b21\" data-module=\"DSLC_Text_Simple\" data-dslc-module-size=\"12\" data-dslc-anim=\"none\" data-dslc-anim-delay=\"\" data-dslc-anim-duration=\"650\"  data-dslc-anim-easing=\"ease\" data-dslc-preset=\"none\" >\n\n\t\t\t\n\t\t\t\n\t\t\r\n\t\t<div class=\"dslc-text-module-content\">\r\n\t\t\t<h5 style=\"text-align: center;\"><a href=\"https:\/\/gpm3.eu\/polish\/reformy-panstwa\"><span style=\"color: #000000;\"><strong>Reformy pa\u0144stwa<\/strong><\/span><\/a><\/h5><h5 style=\"text-align: center;\"><a href=\"https:\/\/gpm3.eu\/polish\/projekt-publiczny\"><span style=\"color: #000000;\"><strong>Projekty publiczne<\/strong><\/span><\/a><\/h5><h5 style=\"text-align: center;\"><a href=\"https:\/\/gpm3.eu\/polish\/zakupy-publiczne\"><span style=\"color: #000000;\"><strong>Zakupy publiczne<\/strong><\/span><\/a><\/h5><h5 style=\"text-align: center;\"><a href=\"https:\/\/gpm3.eu\/polish\/nik\"><span style=\"color: #000000;\"><strong>Najwy\u017csza Izba Kontroli<\/strong><\/span><\/a><\/h5><h5 style=\"text-align: center;\"><a href=\"https:\/\/gpm3.eu\/polish\/administracja-publiczna\"><span style=\"color: #000000;\"><strong>Administracja publiczna<\/strong><\/span><\/a><\/h5><h5 style=\"text-align: center;\"><a href=\"https:\/\/gpm3.eu\/polish\/model-dojrzalosci\"><span style=\"color: #000000;\"><strong>Modele dojrza\u0142o\u015bci<\/strong><\/span><\/a><\/h5><h5 style=\"text-align: center;\"><a href=\"https:\/\/gpm3.eu\/polish\/centralny-port-komunikacyjny\"><span style=\"color: #000000;\"><strong>Centralny Port Komunikacyjny<\/strong><\/span><\/a><\/h5>\t\t<\/div>\r\n\r\n\t\t\n\t\t\t\t<\/div><!-- .dslc-module -->\n\t\t<\/div><\/div><\/div><\/div>","protected":false},"excerpt":{"rendered":"<p>Wiedza Reformy pa\u0144stwaProjekty publiczneZakupy publiczneNajwy\u017csza Izba KontroliAdministracja publicznaModele dojrza\u0142o\u015bciCentralny Port Komunikacyjny<\/p>\n","protected":false},"author":1,"featured_media":0,"parent":0,"menu_order":0,"comment_status":"closed","ping_status":"closed","template":"","meta":{"footnotes":""},"class_list":["post-13","page","type-page","status-publish","hentry"],"yoast_head":"<!-- This site is optimized with the Yoast SEO plugin v24.6 - https:\/\/yoast.com\/wordpress\/plugins\/seo\/ -->\n<title>Wiedza - PL | gpm3.eu\/polish<\/title>\n<meta name=\"description\" content=\"Artyku\u0142y Stanis\u0142awa Gasika, dotycz\u0105ce rozwoju pa\u0144stwa, zarz\u0105dzania projektami publicznymi, zarz\u0105dzania wiedz\u0105 o projektach i kilku innych obszar\u00f3w zwi\u0105zanych z zarz\u0105dzaniem projektami.\" \/>\n<meta name=\"robots\" content=\"index, follow, max-snippet:-1, max-image-preview:large, max-video-preview:-1\" \/>\n<link rel=\"canonical\" href=\"https:\/\/gpm3.eu\/polish\/wiedza\/\" \/>\n<meta property=\"og:locale\" content=\"pl_PL\" \/>\n<meta property=\"og:type\" content=\"article\" \/>\n<meta property=\"og:title\" content=\"Wiedza - PL | gpm3.eu\/polish\" \/>\n<meta property=\"og:description\" content=\"Artyku\u0142y Stanis\u0142awa Gasika, dotycz\u0105ce rozwoju pa\u0144stwa, zarz\u0105dzania projektami publicznymi, zarz\u0105dzania wiedz\u0105 o projektach i kilku innych obszar\u00f3w zwi\u0105zanych z zarz\u0105dzaniem projektami.\" \/>\n<meta property=\"og:url\" content=\"https:\/\/gpm3.eu\/polish\/wiedza\/\" \/>\n<meta property=\"og:site_name\" content=\"PL | gpm3.eu\/polish\" \/>\n<meta property=\"article:modified_time\" content=\"2024-01-19T10:51:06+00:00\" \/>\n<meta name=\"twitter:card\" content=\"summary_large_image\" \/>\n<script type=\"application\/ld+json\" class=\"yoast-schema-graph\">{\"@context\":\"https:\/\/schema.org\",\"@graph\":[{\"@type\":\"WebPage\",\"@id\":\"https:\/\/gpm3.eu\/polish\/wiedza\/\",\"url\":\"https:\/\/gpm3.eu\/polish\/wiedza\/\",\"name\":\"Wiedza - PL | gpm3.eu\/polish\",\"isPartOf\":{\"@id\":\"https:\/\/gpm3.eu\/polish\/#website\"},\"datePublished\":\"2019-03-21T13:28:49+00:00\",\"dateModified\":\"2024-01-19T10:51:06+00:00\",\"description\":\"Artyku\u0142y Stanis\u0142awa Gasika, dotycz\u0105ce rozwoju pa\u0144stwa, zarz\u0105dzania projektami publicznymi, zarz\u0105dzania wiedz\u0105 o projektach i kilku innych obszar\u00f3w zwi\u0105zanych z zarz\u0105dzaniem projektami.\",\"breadcrumb\":{\"@id\":\"https:\/\/gpm3.eu\/polish\/wiedza\/#breadcrumb\"},\"inLanguage\":\"pl-PL\",\"potentialAction\":[{\"@type\":\"ReadAction\",\"target\":[\"https:\/\/gpm3.eu\/polish\/wiedza\/\"]}]},{\"@type\":\"BreadcrumbList\",\"@id\":\"https:\/\/gpm3.eu\/polish\/wiedza\/#breadcrumb\",\"itemListElement\":[{\"@type\":\"ListItem\",\"position\":1,\"name\":\"Home\",\"item\":\"https:\/\/gpm3.eu\/polish\/\"},{\"@type\":\"ListItem\",\"position\":2,\"name\":\"Wiedza\"}]},{\"@type\":\"WebSite\",\"@id\":\"https:\/\/gpm3.eu\/polish\/#website\",\"url\":\"https:\/\/gpm3.eu\/polish\/\",\"name\":\"PL | gpm3.eu\/polish\",\"description\":\"gpm3.eu\/polish\",\"potentialAction\":[{\"@type\":\"SearchAction\",\"target\":{\"@type\":\"EntryPoint\",\"urlTemplate\":\"https:\/\/gpm3.eu\/polish\/?s={search_term_string}\"},\"query-input\":{\"@type\":\"PropertyValueSpecification\",\"valueRequired\":true,\"valueName\":\"search_term_string\"}}],\"inLanguage\":\"pl-PL\"}]}<\/script>\n<!-- \/ Yoast SEO plugin. -->","yoast_head_json":{"title":"Wiedza - PL | gpm3.eu\/polish","description":"Artyku\u0142y Stanis\u0142awa Gasika, dotycz\u0105ce rozwoju pa\u0144stwa, zarz\u0105dzania projektami publicznymi, zarz\u0105dzania wiedz\u0105 o projektach i kilku innych obszar\u00f3w zwi\u0105zanych z zarz\u0105dzaniem projektami.","robots":{"index":"index","follow":"follow","max-snippet":"max-snippet:-1","max-image-preview":"max-image-preview:large","max-video-preview":"max-video-preview:-1"},"canonical":"https:\/\/gpm3.eu\/polish\/wiedza\/","og_locale":"pl_PL","og_type":"article","og_title":"Wiedza - PL | gpm3.eu\/polish","og_description":"Artyku\u0142y Stanis\u0142awa Gasika, dotycz\u0105ce rozwoju pa\u0144stwa, zarz\u0105dzania projektami publicznymi, zarz\u0105dzania wiedz\u0105 o projektach i kilku innych obszar\u00f3w zwi\u0105zanych z zarz\u0105dzaniem projektami.","og_url":"https:\/\/gpm3.eu\/polish\/wiedza\/","og_site_name":"PL | gpm3.eu\/polish","article_modified_time":"2024-01-19T10:51:06+00:00","twitter_card":"summary_large_image","schema":{"@context":"https:\/\/schema.org","@graph":[{"@type":"WebPage","@id":"https:\/\/gpm3.eu\/polish\/wiedza\/","url":"https:\/\/gpm3.eu\/polish\/wiedza\/","name":"Wiedza - PL | gpm3.eu\/polish","isPartOf":{"@id":"https:\/\/gpm3.eu\/polish\/#website"},"datePublished":"2019-03-21T13:28:49+00:00","dateModified":"2024-01-19T10:51:06+00:00","description":"Artyku\u0142y Stanis\u0142awa Gasika, dotycz\u0105ce rozwoju pa\u0144stwa, zarz\u0105dzania projektami publicznymi, zarz\u0105dzania wiedz\u0105 o projektach i kilku innych obszar\u00f3w zwi\u0105zanych z zarz\u0105dzaniem projektami.","breadcrumb":{"@id":"https:\/\/gpm3.eu\/polish\/wiedza\/#breadcrumb"},"inLanguage":"pl-PL","potentialAction":[{"@type":"ReadAction","target":["https:\/\/gpm3.eu\/polish\/wiedza\/"]}]},{"@type":"BreadcrumbList","@id":"https:\/\/gpm3.eu\/polish\/wiedza\/#breadcrumb","itemListElement":[{"@type":"ListItem","position":1,"name":"Home","item":"https:\/\/gpm3.eu\/polish\/"},{"@type":"ListItem","position":2,"name":"Wiedza"}]},{"@type":"WebSite","@id":"https:\/\/gpm3.eu\/polish\/#website","url":"https:\/\/gpm3.eu\/polish\/","name":"PL | gpm3.eu\/polish","description":"gpm3.eu\/polish","potentialAction":[{"@type":"SearchAction","target":{"@type":"EntryPoint","urlTemplate":"https:\/\/gpm3.eu\/polish\/?s={search_term_string}"},"query-input":{"@type":"PropertyValueSpecification","valueRequired":true,"valueName":"search_term_string"}}],"inLanguage":"pl-PL"}]}},"_links":{"self":[{"href":"https:\/\/gpm3.eu\/polish\/wp-json\/wp\/v2\/pages\/13","targetHints":{"allow":["GET"]}}],"collection":[{"href":"https:\/\/gpm3.eu\/polish\/wp-json\/wp\/v2\/pages"}],"about":[{"href":"https:\/\/gpm3.eu\/polish\/wp-json\/wp\/v2\/types\/page"}],"author":[{"embeddable":true,"href":"https:\/\/gpm3.eu\/polish\/wp-json\/wp\/v2\/users\/1"}],"replies":[{"embeddable":true,"href":"https:\/\/gpm3.eu\/polish\/wp-json\/wp\/v2\/comments?post=13"}],"version-history":[{"count":6,"href":"https:\/\/gpm3.eu\/polish\/wp-json\/wp\/v2\/pages\/13\/revisions"}],"predecessor-version":[{"id":582,"href":"https:\/\/gpm3.eu\/polish\/wp-json\/wp\/v2\/pages\/13\/revisions\/582"}],"wp:attachment":[{"href":"https:\/\/gpm3.eu\/polish\/wp-json\/wp\/v2\/media?parent=13"}],"curies":[{"name":"wp","href":"https:\/\/api.w.org\/{rel}","templated":true}]}}