{"id":430,"date":"2019-06-24T10:27:15","date_gmt":"2019-06-24T08:27:15","guid":{"rendered":"http:\/\/gpm3.eu\/polish\/?page_id=430"},"modified":"2019-06-24T13:03:12","modified_gmt":"2019-06-24T11:03:12","slug":"zakupy-publiczne","status":"publish","type":"page","link":"https:\/\/gpm3.eu\/polish\/zakupy-publiczne\/","title":{"rendered":"Zakupy publiczne"},"content":{"rendered":"<div id=\"dslc-main\">\n\t\t<div  class=\"dslc-modules-section \" style=\"padding-bottom:45px;padding-top:45px;background-image:url(http:\/\/gpm3.eu\/polish\/wp-content\/uploads\/sites\/2\/2019\/03\/img2-1.jpg);background-position:center center;background-size:cover;\" data-section-id=\"62ae1fb19b1\">\n\t\t\t\t<div class=\"dslc-bg-video dslc-force-show\"><div class=\"dslc-bg-video-overlay\" style=\"background-color:#08214e; opacity:0.85; \"><\/div><\/div>\n\t\t\t\t\n\t\t\t\t<div class=\"dslc-modules-section-wrapper dslc-clearfix\"><div class=\"dslc-modules-area dslc-col dslc-2-col dslc-first-col dslc-valign- \" data-size=\"2\" data-valign=\"\"><\/div><div class=\"dslc-modules-area dslc-col dslc-8-col  dslc-valign- \" data-size=\"8\" data-valign=\"\">\n\t\t<div id=\"dslc-module-c9e25e05547\" class=\"dslc-module-front dslc-module-DSLC_Text_Simple dslc-in-viewport-check dslc-in-viewport-anim-none  dslc-col dslc-12-col dslc-last-col  dslc-module-handle-like-regular \" data-module-id=\"c9e25e05547\" data-module=\"DSLC_Text_Simple\" data-dslc-module-size=\"12\" data-dslc-anim=\"none\" data-dslc-anim-delay=\"\" data-dslc-anim-duration=\"650\"  data-dslc-anim-easing=\"ease\" data-dslc-preset=\"none\" >\n\n\t\t\t\n\t\t\t\n\t\t\r\n\t\t<div class=\"dslc-text-module-content\">\r\n\t\t\t<p>Zakupy publiczne<\/p>\t\t<\/div>\r\n\r\n\t\t\n\t\t\t\t<\/div><!-- .dslc-module -->\n\t\t<\/div><\/div><\/div>\n\t\t<div  class=\"dslc-modules-section \" style=\"background-color:#ededed;\" data-section-id=\"5c0ca2cca3d\">\n\t\t\t\t\n\t\t\t\t\n\t\t\t\t<div class=\"dslc-modules-section-wrapper dslc-clearfix\"><div class=\"dslc-modules-area dslc-col dslc-12-col dslc-last-col dslc-valign- \" data-size=\"12\" data-valign=\"\">\n\t\t<div id=\"dslc-module-256c0154b21\" class=\"dslc-module-front dslc-module-DSLC_Text_Simple dslc-in-viewport-check dslc-in-viewport-anim-none  dslc-col dslc-12-col dslc-last-col  dslc-module-handle-like-regular \" data-module-id=\"256c0154b21\" data-module=\"DSLC_Text_Simple\" data-dslc-module-size=\"12\" data-dslc-anim=\"none\" data-dslc-anim-delay=\"\" data-dslc-anim-duration=\"650\"  data-dslc-anim-easing=\"ease\" data-dslc-preset=\"none\" >\n\n\t\t\t\n\t\t\t\n\t\t\r\n\t\t<div class=\"dslc-text-module-content\">\r\n\t\t\t<h6><a href=\"http:\/\/www.sybena.pl\/dokumenty\/Projekty-Publiczne\/Gasik_Certyfikacja_Zamawiaj\u0105cych_Zakup\u00f3w_Publicznych_Rzeczpospolita_2025.07.22.pdf\">Certyfikacja zakup\u00f3w publicznych: wykonawc\u00f3w czy zamawiaj\u0105cych? (Rzeczpospolita, 22 lipca 2025)<\/a><\/h6><h6><a href=\"https:\/\/www.sybena.pl\/dokumenty\/Projekty-Publiczne\/Gasik-Czy-polityka-zakupowa-panstwa-dotyczy-zakupow.pdf\">Czy polityka zakupowa pa\u0144stwa dotyczy zakup\u00f3w? (Opracowanie w\u0142asne, 15 kwietnia 2022)<\/a><\/h6><h6><span style=\"color: #000000;\"><a style=\"color: #000000;\" href=\"http:\/\/www.sybena.pl\/dokumenty\/Projekty-Publiczne\/Gasik-Prawo-zakupow-publicznych-RZ-2017.10.23.png\">Jak zmieni\u0107 prawo zakup\u00f3w publicznych? (<em>Rzeczpospolita<\/em>, 23 pa\u017adziernika 2017)<\/a><\/span><\/h6><h6><span style=\"color: #000000;\"><a style=\"color: #000000;\" href=\"http:\/\/www.sybena.pl\/dokumenty\/Projekty-Publiczne\/Gasik-Modyfikacja-PZP-2015.png\">Propozycja zmian w systemie zakup\u00f3w publicznych (<em>Rzeczpospolita<\/em>, 26 maja 2015)<\/a><\/span><\/h6><h6><a href=\"http:\/\/www.sybena.pl\/dokumenty\/Projekty-Publiczne\/Gasik_Wspolpraca_Zakupy_Publiczne.pdf\"><span style=\"color: #333333;\">Wsp\u00f3\u0142praca Zamawiaj\u0105cego i Wykonawcy w projektach publicznych: USA, Australia, Indie (<em>Polski Kongres Zamawiaj\u0105cych<\/em>, 2017)<\/span><\/a><\/h6><h6><span style=\"color: #000000;\"><a style=\"color: #000000;\" href=\"http:\/\/www.sybena.pl\/dokumenty\/Projekty-Publiczne\/Gasik-Za-wczesnie-na-radosc-PZP-2014.08.26.pdf\">Za wcze\u015bnie na rado\u015b\u0107 (<em>Rzeczpospolita<\/em>, 26 sierpnia 2014)<\/a><\/span><\/h6><h6><span style=\"color: #000000;\"><a style=\"color: #000000;\" href=\"https:\/\/www.obserwatorfinansowy.pl\/forma\/rotator\/drogi-mozna-budowac-lepiej-i-sprawniej\/?k=finanse-publiczne\">Drogi mo\u017cna budowa\u0107 lepiej i sprawniej (<em>Obserwator Finansowy<\/em>, 27 lutego 2014)<\/a><\/span><\/h6><h6>\u00a0<\/h6><p>\u00a0<\/p><p>\u00a0<\/p><p>\u00a0<\/p>\t\t<\/div>\r\n\r\n\t\t\n\t\t\t\t<\/div><!-- .dslc-module -->\n\t\t<\/div><\/div><\/div><\/div>","protected":false},"excerpt":{"rendered":"<p>Zakupy publiczne Certyfikacja zakup\u00f3w publicznych: wykonawc\u00f3w czy zamawiaj\u0105cych? (Rzeczpospolita, 22 lipca 2025)Czy polityka zakupowa pa\u0144stwa dotyczy zakup\u00f3w? (Opracowanie w\u0142asne, 15 kwietnia 2022)Jak zmieni\u0107 prawo zakup\u00f3w publicznych? (Rzeczpospolita, 23 pa\u017adziernika 2017)Propozycja zmian w systemie zakup\u00f3w publicznych (Rzeczpospolita, 26 maja 2015)Wsp\u00f3\u0142praca Zamawiaj\u0105cego i Wykonawcy w projektach publicznych: USA, Australia, Indie (Polski Kongres Zamawiaj\u0105cych, 2017)Za wcze\u015bnie na rado\u015b\u0107 [&hellip;]<\/p>\n","protected":false},"author":2,"featured_media":0,"parent":0,"menu_order":0,"comment_status":"closed","ping_status":"closed","template":"","meta":{"footnotes":""},"class_list":["post-430","page","type-page","status-publish","hentry"],"yoast_head":"<!-- This site is optimized with the Yoast SEO plugin v24.6 - https:\/\/yoast.com\/wordpress\/plugins\/seo\/ -->\n<title>Zakupy publiczne - PL | gpm3.eu\/polish<\/title>\n<meta name=\"description\" content=\"Zakupy publiczne to wi\u0119cej ni\u017c zamowienia publiczne. Zakupy obejmuj\u0105 ca\u0142o\u015b\u0107 procesu pozyskiwania okre\u015blonego dobra, od przetargu poprzez zam\u00f3wienie, wytworzenie oraz wdro\u017cenie produktu.\" \/>\n<meta name=\"robots\" content=\"index, follow, max-snippet:-1, max-image-preview:large, max-video-preview:-1\" \/>\n<link rel=\"canonical\" href=\"https:\/\/gpm3.eu\/polish\/zakupy-publiczne\/\" \/>\n<meta property=\"og:locale\" content=\"pl_PL\" \/>\n<meta property=\"og:type\" content=\"article\" \/>\n<meta property=\"og:title\" content=\"Zakupy publiczne - PL | gpm3.eu\/polish\" \/>\n<meta property=\"og:description\" content=\"Zakupy publiczne to wi\u0119cej ni\u017c zamowienia publiczne. Zakupy obejmuj\u0105 ca\u0142o\u015b\u0107 procesu pozyskiwania okre\u015blonego dobra, od przetargu poprzez zam\u00f3wienie, wytworzenie oraz wdro\u017cenie produktu.\" \/>\n<meta property=\"og:url\" content=\"https:\/\/gpm3.eu\/polish\/zakupy-publiczne\/\" \/>\n<meta property=\"og:site_name\" content=\"PL | gpm3.eu\/polish\" \/>\n<meta property=\"article:modified_time\" content=\"2019-06-24T11:03:12+00:00\" \/>\n<meta name=\"twitter:card\" content=\"summary_large_image\" \/>\n<script type=\"application\/ld+json\" class=\"yoast-schema-graph\">{\"@context\":\"https:\/\/schema.org\",\"@graph\":[{\"@type\":\"WebPage\",\"@id\":\"https:\/\/gpm3.eu\/polish\/zakupy-publiczne\/\",\"url\":\"https:\/\/gpm3.eu\/polish\/zakupy-publiczne\/\",\"name\":\"Zakupy publiczne - PL | gpm3.eu\/polish\",\"isPartOf\":{\"@id\":\"https:\/\/gpm3.eu\/polish\/#website\"},\"datePublished\":\"2019-06-24T08:27:15+00:00\",\"dateModified\":\"2019-06-24T11:03:12+00:00\",\"description\":\"Zakupy publiczne to wi\u0119cej ni\u017c zamowienia publiczne. Zakupy obejmuj\u0105 ca\u0142o\u015b\u0107 procesu pozyskiwania okre\u015blonego dobra, od przetargu poprzez zam\u00f3wienie, wytworzenie oraz wdro\u017cenie produktu.\",\"breadcrumb\":{\"@id\":\"https:\/\/gpm3.eu\/polish\/zakupy-publiczne\/#breadcrumb\"},\"inLanguage\":\"pl-PL\",\"potentialAction\":[{\"@type\":\"ReadAction\",\"target\":[\"https:\/\/gpm3.eu\/polish\/zakupy-publiczne\/\"]}]},{\"@type\":\"BreadcrumbList\",\"@id\":\"https:\/\/gpm3.eu\/polish\/zakupy-publiczne\/#breadcrumb\",\"itemListElement\":[{\"@type\":\"ListItem\",\"position\":1,\"name\":\"Home\",\"item\":\"https:\/\/gpm3.eu\/polish\/\"},{\"@type\":\"ListItem\",\"position\":2,\"name\":\"Zakupy publiczne\"}]},{\"@type\":\"WebSite\",\"@id\":\"https:\/\/gpm3.eu\/polish\/#website\",\"url\":\"https:\/\/gpm3.eu\/polish\/\",\"name\":\"PL | gpm3.eu\/polish\",\"description\":\"gpm3.eu\/polish\",\"potentialAction\":[{\"@type\":\"SearchAction\",\"target\":{\"@type\":\"EntryPoint\",\"urlTemplate\":\"https:\/\/gpm3.eu\/polish\/?s={search_term_string}\"},\"query-input\":{\"@type\":\"PropertyValueSpecification\",\"valueRequired\":true,\"valueName\":\"search_term_string\"}}],\"inLanguage\":\"pl-PL\"}]}<\/script>\n<!-- \/ Yoast SEO plugin. -->","yoast_head_json":{"title":"Zakupy publiczne - PL | gpm3.eu\/polish","description":"Zakupy publiczne to wi\u0119cej ni\u017c zamowienia publiczne. Zakupy obejmuj\u0105 ca\u0142o\u015b\u0107 procesu pozyskiwania okre\u015blonego dobra, od przetargu poprzez zam\u00f3wienie, wytworzenie oraz wdro\u017cenie produktu.","robots":{"index":"index","follow":"follow","max-snippet":"max-snippet:-1","max-image-preview":"max-image-preview:large","max-video-preview":"max-video-preview:-1"},"canonical":"https:\/\/gpm3.eu\/polish\/zakupy-publiczne\/","og_locale":"pl_PL","og_type":"article","og_title":"Zakupy publiczne - PL | gpm3.eu\/polish","og_description":"Zakupy publiczne to wi\u0119cej ni\u017c zamowienia publiczne. Zakupy obejmuj\u0105 ca\u0142o\u015b\u0107 procesu pozyskiwania okre\u015blonego dobra, od przetargu poprzez zam\u00f3wienie, wytworzenie oraz wdro\u017cenie produktu.","og_url":"https:\/\/gpm3.eu\/polish\/zakupy-publiczne\/","og_site_name":"PL | gpm3.eu\/polish","article_modified_time":"2019-06-24T11:03:12+00:00","twitter_card":"summary_large_image","schema":{"@context":"https:\/\/schema.org","@graph":[{"@type":"WebPage","@id":"https:\/\/gpm3.eu\/polish\/zakupy-publiczne\/","url":"https:\/\/gpm3.eu\/polish\/zakupy-publiczne\/","name":"Zakupy publiczne - PL | gpm3.eu\/polish","isPartOf":{"@id":"https:\/\/gpm3.eu\/polish\/#website"},"datePublished":"2019-06-24T08:27:15+00:00","dateModified":"2019-06-24T11:03:12+00:00","description":"Zakupy publiczne to wi\u0119cej ni\u017c zamowienia publiczne. Zakupy obejmuj\u0105 ca\u0142o\u015b\u0107 procesu pozyskiwania okre\u015blonego dobra, od przetargu poprzez zam\u00f3wienie, wytworzenie oraz wdro\u017cenie produktu.","breadcrumb":{"@id":"https:\/\/gpm3.eu\/polish\/zakupy-publiczne\/#breadcrumb"},"inLanguage":"pl-PL","potentialAction":[{"@type":"ReadAction","target":["https:\/\/gpm3.eu\/polish\/zakupy-publiczne\/"]}]},{"@type":"BreadcrumbList","@id":"https:\/\/gpm3.eu\/polish\/zakupy-publiczne\/#breadcrumb","itemListElement":[{"@type":"ListItem","position":1,"name":"Home","item":"https:\/\/gpm3.eu\/polish\/"},{"@type":"ListItem","position":2,"name":"Zakupy publiczne"}]},{"@type":"WebSite","@id":"https:\/\/gpm3.eu\/polish\/#website","url":"https:\/\/gpm3.eu\/polish\/","name":"PL | gpm3.eu\/polish","description":"gpm3.eu\/polish","potentialAction":[{"@type":"SearchAction","target":{"@type":"EntryPoint","urlTemplate":"https:\/\/gpm3.eu\/polish\/?s={search_term_string}"},"query-input":{"@type":"PropertyValueSpecification","valueRequired":true,"valueName":"search_term_string"}}],"inLanguage":"pl-PL"}]}},"_links":{"self":[{"href":"https:\/\/gpm3.eu\/polish\/wp-json\/wp\/v2\/pages\/430","targetHints":{"allow":["GET"]}}],"collection":[{"href":"https:\/\/gpm3.eu\/polish\/wp-json\/wp\/v2\/pages"}],"about":[{"href":"https:\/\/gpm3.eu\/polish\/wp-json\/wp\/v2\/types\/page"}],"author":[{"embeddable":true,"href":"https:\/\/gpm3.eu\/polish\/wp-json\/wp\/v2\/users\/2"}],"replies":[{"embeddable":true,"href":"https:\/\/gpm3.eu\/polish\/wp-json\/wp\/v2\/comments?post=430"}],"version-history":[{"count":2,"href":"https:\/\/gpm3.eu\/polish\/wp-json\/wp\/v2\/pages\/430\/revisions"}],"predecessor-version":[{"id":471,"href":"https:\/\/gpm3.eu\/polish\/wp-json\/wp\/v2\/pages\/430\/revisions\/471"}],"wp:attachment":[{"href":"https:\/\/gpm3.eu\/polish\/wp-json\/wp\/v2\/media?parent=430"}],"curies":[{"name":"wp","href":"https:\/\/api.w.org\/{rel}","templated":true}]}}