{"id":44,"date":"2019-03-22T09:57:34","date_gmt":"2019-03-22T08:57:34","guid":{"rendered":"http:\/\/gpm3.eu\/polish\/?page_id=44"},"modified":"2019-06-21T14:32:32","modified_gmt":"2019-06-21T12:32:32","slug":"system-realizacji-projektow-rzadowych","status":"publish","type":"page","link":"https:\/\/gpm3.eu\/polish\/system-realizacji-projektow-rzadowych\/","title":{"rendered":"System Realizacji Projekt\u00f3w Rz\u0105dowych (SRPR)"},"content":{"rendered":"<div id=\"dslc-main\">\n\t\t<div  class=\"dslc-modules-section \" style=\"padding-bottom:45px;padding-top:45px;background-image:url(https:\/\/gpm3.eu\/polish\/wp-content\/uploads\/sites\/2\/2019\/04\/tlo.jpg);background-position:center center;background-size:cover;\" data-section-id=\"bf014fcc6fa\">\n\t\t\t\t<div class=\"dslc-bg-video dslc-force-show\"><div class=\"dslc-bg-video-overlay\" style=\"background-color:#08214e; opacity:0.85; \"><\/div><\/div>\n\t\t\t\t\n\t\t\t\t<div class=\"dslc-modules-section-wrapper dslc-clearfix\"><div class=\"dslc-modules-area dslc-col dslc-2-col dslc-first-col\" data-size=\"2\" data-valign=\"\"><\/div><div class=\"dslc-modules-area dslc-col dslc-8-col \" data-size=\"8\" data-valign=\"\">\n\t\t<div id=\"dslc-module-7cbfb75e16a\" class=\"dslc-module-front dslc-module-DSLC_Text_Simple dslc-in-viewport-check dslc-in-viewport-anim-none  dslc-col dslc-12-col dslc-last-col  dslc-module-handle-like-regular \" data-module-id=\"7cbfb75e16a\" data-module=\"DSLC_Text_Simple\" data-dslc-module-size=\"12\" data-dslc-anim=\"none\" data-dslc-anim-delay=\"\" data-dslc-anim-duration=\"650\"  data-dslc-anim-easing=\"ease\" data-dslc-preset=\"none\" >\n\n\t\t\t\n\t\t\t\n\t\t\r\n\t\t<div class=\"dslc-text-module-content\">\r\n\t\t\t<p>Elementy<\/p>\t\t<\/div>\r\n\r\n\t\t\n\t\t\t\t<\/div><!-- .dslc-module -->\n\t\t<\/div><\/div><\/div>\n\t\t<div  class=\"dslc-modules-section dostosuj-wysokosc \" style=\"padding-bottom:20px;padding-top:20px;background-color:#ededed;\" data-section-id=\"b213baf65c8\">\n\t\t\t\t\n\t\t\t\t\n\t\t\t\t<div class=\"dslc-modules-section-wrapper dslc-clearfix\"><div class=\"dslc-modules-area dslc-col dslc-12-col dslc-last-col\" data-size=\"12\" data-valign=\"\">\n\t\t<div id=\"dslc-module-742c7ddcc8c\" class=\"dslc-module-front dslc-module-DSLC_Text_Simple dslc-in-viewport-check dslc-in-viewport-anim-none  dslc-col dslc-12-col dslc-last-col  dslc-module-handle-like-regular \" data-module-id=\"742c7ddcc8c\" data-module=\"DSLC_Text_Simple\" data-dslc-module-size=\"12\" data-dslc-anim=\"none\" data-dslc-anim-delay=\"\" data-dslc-anim-duration=\"650\"  data-dslc-anim-easing=\"ease\" data-dslc-preset=\"none\" >\n\n\t\t\t\n\t\t\t\n\t\t\r\n\t\t<div class=\"dslc-text-module-content\">\r\n\t\t\t<p>System Realizacji Projekt\u00f3w Rz\u0105dowych (SRPR)<\/p>\t\t<\/div>\r\n\r\n\t\t\n\t\t\t\t<\/div><!-- .dslc-module -->\n\t\t\n\t\t<div id=\"dslc-module-48009373738\" class=\"dslc-module-front dslc-module-DSLC_Text_Simple dslc-in-viewport-check dslc-in-viewport-anim-none  dslc-col dslc-12-col dslc-last-col  dslc-module-handle-like-regular \" data-module-id=\"48009373738\" data-module=\"DSLC_Text_Simple\" data-dslc-module-size=\"12\" data-dslc-anim=\"none\" data-dslc-anim-delay=\"\" data-dslc-anim-duration=\"950\"  data-dslc-anim-easing=\"ease\" data-dslc-preset=\"none\" >\n\n\t\t\t\n\t\t\t\n\t\t\r\n\t\t<div class=\"dslc-text-module-content\">\r\n\t\t\t<p><span style=\"color: #000000;\">Rz\u0105dy coraz cz\u0119\u015bciej \u015bwiadcz\u0105 us\u0142ugi swoim obywatelom poprzez realizacj\u0119 projekt\u00f3w. Funkcjonowanie i dobrobyt obywateli i ca\u0142ych spo\u0142ecze\u0144stw zale\u017cy w du\u017cej mierze od projekt\u00f3w, z kt\u00f3rych wiele jest realizowanych przez instytucje rz\u0105dowe. Rz\u0105dy, zar\u00f3wno w\u0142adza ustawodawcza, jak i wykonawcza, s\u0105 upowa\u017cnione do wp\u0142ywania na sposoby realizacji projekt\u00f3w publicznych \u2013 chocia\u017c nie wszystkie korzystaj\u0105 z tych mo\u017cliwo\u015bci. Niekt\u00f3re rz\u0105dy tworz\u0105 centralne biura zarz\u0105dzania projektami (np. Wielka Brytania), inne wprowadzaj\u0105 rz\u0105dowe rejestry projekt\u00f3w publicznych (Argentyna, Peru), a jeszcze inne wprowadzaj\u0105 przepisy, kt\u00f3re wymagaj\u0105 ci\u0105g\u0142ego doskonalenia proces\u00f3w zarz\u0105dzania projektami i programami (np. USA).<\/span><\/p><p><span style=\"color: #000000;\">Projekty publiczne s\u0105 realizowane w \u015brodowisku organizacyjnym ustanowionym przez rz\u0105d. Mo\u017ce ono obejmowa\u0107 procesy, metodologie, praktyki, organizacje (w tym biura audytu i biura zarz\u0105dzania projektami sektora publicznego), bazy danych, kier<span style=\"color: #333333;\">ownik\u00f3w projekt\u00f3w, modele dojrza\u0142o\u015bci zarz\u0105dzania projektami, wykonawc\u00f3w projekt\u00f3w i inne elementy w danej jednostce administracyjnej, z kt\u00f3rych wszystkie definiuj\u0105, kszta\u0142tuj\u0105 lub wp\u0142ywaj\u0105 na spos\u00f3b realizacji projekt\u00f3w sektora publicznego. To \u015brodowisko nosi nazw\u0119 Systemu Realizacji Projekt\u00f3w Rz\u0105dowych (SRPR, ang. Governmental Project Implementation System, GPIS).<\/span><\/span><\/p><p><span style=\"color: #333333;\">Nasz pierwszy w skali \u015bwiatowej model SRPR zosta\u0142 zbudowany na podstawie 2293 praktyk zidentyfikowanych w ponad 60 krajach, zgrupowanych w 38 kategorii i 6 bardziej og\u00f3lnych obszar\u00f3w. Te obszary to:<\/span><\/p><ul><li><p><span style=\"color: #333333;\">Governance<\/span><\/p><\/li><li><p><span style=\"color: #333333;\">Organizacje<\/span><\/p><\/li><li><p><span style=\"color: #333333;\">Zarz\u0105dzanie portfelami projekt\u00f3w<\/span><\/p><\/li><li><p><span style=\"color: #333333;\">Procesy<\/span><\/p><\/li><li><p><span style=\"color: #333333;\">Aktorzy (wykonawcy i kierownicy projekt\u00f3w)<\/span><\/p><\/li><li><p><span style=\"color: #333333;\">Anga\u017cowanie interesariuszy.<\/span><\/p><\/li><\/ul>\t\t<\/div>\r\n\r\n\t\t\n\t\t\t\t<\/div><!-- .dslc-module -->\n\t\t\n\t\t<div id=\"dslc-module-01d64d53482\" class=\"dslc-module-front dslc-module-DSLC_Image dslc-in-viewport-check dslc-in-viewport-anim-none  dslc-col dslc-12-col dslc-last-col  dslc-module-handle-like-regular \" data-module-id=\"01d64d53482\" data-module=\"DSLC_Image\" data-dslc-module-size=\"12\" data-dslc-anim=\"none\" data-dslc-anim-delay=\"\" data-dslc-anim-duration=\"650\"  data-dslc-anim-easing=\"ease\" data-dslc-preset=\"none\" >\n\n\t\t\t\n\t\t\t\n\t\t\t\t<div class=\"dslc-image-container\">\r\n\t\t<div class=\"dslc-image\">\r\n\r\n\t\t\t\r\n\t\t\t\t\r\n\t\t\t\t\t\t\t\t\t<img src=\"https:\/\/gpm3.eu\/polish\/wp-content\/uploads\/sites\/2\/2019\/07\/GPM3-SRPR-PL-SGA-V0.1-1.png\" alt=\"\" title=\"\" srcset=\"https:\/\/gpm3.eu\/polish\/wp-content\/uploads\/sites\/2\/2019\/07\/GPM3-SRPR-PL-SGA-V0.1-1.png 540w, https:\/\/gpm3.eu\/polish\/wp-content\/uploads\/sites\/2\/2019\/07\/GPM3-SRPR-PL-SGA-V0.1-1-300x184.png 300w\" sizes=\"(max-width: 540px) 100vw, 540px\" \/>\r\n\t\t\t\t\r\n\t\t\t\t\t\t\t\t\t<\/div><!-- .dslc-image -->\r\n\t\t<\/div>\r\n\t\t\n\t\t\t\t<\/div><!-- .dslc-module -->\n\t\t\n\t\t<div id=\"dslc-module-v7f6dav0ufo\" class=\"dslc-module-front dslc-module-DSLC_Text_Simple dslc-in-viewport-check dslc-in-viewport-anim-none  dslc-col dslc-12-col dslc-last-col  dslc-module-handle-like-regular \" data-module-id=\"v7f6dav0ufo\" data-module=\"DSLC_Text_Simple\" data-dslc-module-size=\"12\" data-dslc-anim=\"none\" data-dslc-anim-delay=\"\" data-dslc-anim-duration=\"950\"  data-dslc-anim-easing=\"ease\" data-dslc-preset=\"none\" >\n\n\t\t\t\n\t\t\t\n\t\t\r\n\t\t<div class=\"dslc-text-module-content\">\r\n\t\t\t<p>\u00a0<\/p><p><span style=\"color: #333333;\"><span class=\"tlid-translation translation\" lang=\"pl\">Przyk\u0142adow\u0105 praktyk\u0105 z obszaru governance jest wym\u00f3g stosowania procesu przegl\u0105du bram (OGC Gateway ProcessTM), opisuj\u0105cego sposoby podejmowania najwa\u017cniejszych decyzji w du\u017cych projektach. Dobrym przyk\u0142adem praktyki zarz\u0105dzania portfelem jest argenty\u0144ski Narodowy system Inwestycji Publicznych (hiszp. Sistema Nacional de Inversiones Publicas) okre\u015blaj\u0105cy, mi\u0119dzy innymi, sposoby zg\u0142aszania propozycji projekt\u00f3w publicznych i proces ich oceny. Dobrym przyk\u0142adem organizacji rz\u0105dowych wspieraj\u0105cych zarz\u0105dzanie projektami s\u0105 Indyjski NITI Aayog (poprzednio Komisja Planowania) oraz Ministerstwo Statystyki i Wdro\u017cenia Program\u00f3w (Ministry of Statistics and Program Implementation, MoSPI). Procesami zarz\u0105dzania projektami najwy\u017cszego poziomu s\u0105 na przyk\u0142ad Teksa\u0144skie Ramy Realizacji Projekt\u00f3w (ang. Texas Project Delivery Framework). Przez \u201eaktor\u00f3w\u201d rozumiemy kierownik\u00f3w projekt\u00f3w i firmy realizuj\u0105ce projekty. W Stanach Zjednoczonych, na szczeblu federalnym, Biuro Zarz\u0105dzania Personelem (ang. Office of Personnel Management, OPM) zdefiniowa\u0142o wytyczne dotycz\u0105ce stanowisk zwi\u0105zanych z zarz\u0105dzaniem projektem w sektorze publicznym. Rejestry publicznych dostawc\u00f3w projekt\u00f3w s\u0105 utrzymywane na przyk\u0142ad w Australii, Hongkongu lub RPA. Je\u015bli chodzi o interesariuszy, w Zachodniej Australii odbywaj\u0105 si\u0119 konsultacje z zainteresowanymi stronami, takimi jak ludno\u015b\u0107 tubylcza, podwykonawcy, cz\u0142onkowie spo\u0142eczno\u015bci, dostawcy, konsultanci, samorz\u0105dy lokalne, mieszka\u0144cy, agencje pa\u0144stwowe i w\u0142a\u015bciciele ziemscy.<\/span><\/span><\/p>\t\t<\/div>\r\n\r\n\t\t\n\t\t\t\t<\/div><!-- .dslc-module -->\n\t\t<\/div><\/div><\/div><\/div>","protected":false},"excerpt":{"rendered":"<p>Elementy System Realizacji Projekt\u00f3w Rz\u0105dowych (SRPR) Rz\u0105dy coraz cz\u0119\u015bciej \u015bwiadcz\u0105 us\u0142ugi swoim obywatelom poprzez realizacj\u0119 projekt\u00f3w. Funkcjonowanie i dobrobyt obywateli i ca\u0142ych spo\u0142ecze\u0144stw zale\u017cy w du\u017cej mierze od projekt\u00f3w, z kt\u00f3rych wiele jest realizowanych przez instytucje rz\u0105dowe. Rz\u0105dy, zar\u00f3wno w\u0142adza ustawodawcza, jak i wykonawcza, s\u0105 upowa\u017cnione do wp\u0142ywania na sposoby realizacji projekt\u00f3w publicznych \u2013 chocia\u017c [&hellip;]<\/p>\n","protected":false},"author":1,"featured_media":0,"parent":0,"menu_order":0,"comment_status":"closed","ping_status":"closed","template":"","meta":{"footnotes":""},"class_list":["post-44","page","type-page","status-publish","hentry"],"yoast_head":"<!-- This site is optimized with the Yoast SEO plugin v24.6 - https:\/\/yoast.com\/wordpress\/plugins\/seo\/ -->\n<title>System Realizacji Projekt\u00f3w Rz\u0105dowych (SRPR) - PL | gpm3.eu\/polish<\/title>\n<meta name=\"description\" content=\"Projekty publiczne s\u0105 realizowane w \u015brodowisku organizacyjnym ustanowionym przez rz\u0105d. Obejmuje ono procesy, metodologie, praktyki, organizacje, bazy danych, kierownik\u00f3w projekt\u00f3w, modele dojrza\u0142o\u015bci zarz\u0105dzania projektami, wykonawc\u00f3w projekt\u00f3w i inne elementy w danej jednostce administracyjnej, z kt\u00f3rych wszystkie definiuj\u0105, kszta\u0142tuj\u0105 lub wp\u0142ywaj\u0105 na spos\u00f3b realizacji projekt\u00f3w sektora publicznego. To \u015brodowisko nosi nazw\u0119 Systemu Realizacji Projekt\u00f3w Rz\u0105dowych (ang. Governmental Project Implementation System, GPIS).\" \/>\n<meta name=\"robots\" content=\"index, follow, max-snippet:-1, max-image-preview:large, max-video-preview:-1\" \/>\n<link rel=\"canonical\" href=\"https:\/\/gpm3.eu\/polish\/system-realizacji-projektow-rzadowych\/\" \/>\n<meta property=\"og:locale\" content=\"pl_PL\" \/>\n<meta property=\"og:type\" content=\"article\" \/>\n<meta property=\"og:title\" content=\"System Realizacji Projekt\u00f3w Rz\u0105dowych (SRPR) - PL | gpm3.eu\/polish\" \/>\n<meta property=\"og:description\" content=\"Projekty publiczne s\u0105 realizowane w \u015brodowisku organizacyjnym ustanowionym przez rz\u0105d. Obejmuje ono procesy, metodologie, praktyki, organizacje, bazy danych, kierownik\u00f3w projekt\u00f3w, modele dojrza\u0142o\u015bci zarz\u0105dzania projektami, wykonawc\u00f3w projekt\u00f3w i inne elementy w danej jednostce administracyjnej, z kt\u00f3rych wszystkie definiuj\u0105, kszta\u0142tuj\u0105 lub wp\u0142ywaj\u0105 na spos\u00f3b realizacji projekt\u00f3w sektora publicznego. To \u015brodowisko nosi nazw\u0119 Systemu Realizacji Projekt\u00f3w Rz\u0105dowych (ang. Governmental Project Implementation System, GPIS).\" \/>\n<meta property=\"og:url\" content=\"https:\/\/gpm3.eu\/polish\/system-realizacji-projektow-rzadowych\/\" \/>\n<meta property=\"og:site_name\" content=\"PL | gpm3.eu\/polish\" \/>\n<meta property=\"article:modified_time\" content=\"2019-06-21T12:32:32+00:00\" \/>\n<meta name=\"twitter:card\" content=\"summary_large_image\" \/>\n<script type=\"application\/ld+json\" class=\"yoast-schema-graph\">{\"@context\":\"https:\/\/schema.org\",\"@graph\":[{\"@type\":\"WebPage\",\"@id\":\"https:\/\/gpm3.eu\/polish\/system-realizacji-projektow-rzadowych\/\",\"url\":\"https:\/\/gpm3.eu\/polish\/system-realizacji-projektow-rzadowych\/\",\"name\":\"System Realizacji Projekt\u00f3w Rz\u0105dowych (SRPR) - PL | gpm3.eu\/polish\",\"isPartOf\":{\"@id\":\"https:\/\/gpm3.eu\/polish\/#website\"},\"datePublished\":\"2019-03-22T08:57:34+00:00\",\"dateModified\":\"2019-06-21T12:32:32+00:00\",\"description\":\"Projekty publiczne s\u0105 realizowane w \u015brodowisku organizacyjnym ustanowionym przez rz\u0105d. Obejmuje ono procesy, metodologie, praktyki, organizacje, bazy danych, kierownik\u00f3w projekt\u00f3w, modele dojrza\u0142o\u015bci zarz\u0105dzania projektami, wykonawc\u00f3w projekt\u00f3w i inne elementy w danej jednostce administracyjnej, z kt\u00f3rych wszystkie definiuj\u0105, kszta\u0142tuj\u0105 lub wp\u0142ywaj\u0105 na spos\u00f3b realizacji projekt\u00f3w sektora publicznego. To \u015brodowisko nosi nazw\u0119 Systemu Realizacji Projekt\u00f3w Rz\u0105dowych (ang. Governmental Project Implementation System, GPIS).\",\"breadcrumb\":{\"@id\":\"https:\/\/gpm3.eu\/polish\/system-realizacji-projektow-rzadowych\/#breadcrumb\"},\"inLanguage\":\"pl-PL\",\"potentialAction\":[{\"@type\":\"ReadAction\",\"target\":[\"https:\/\/gpm3.eu\/polish\/system-realizacji-projektow-rzadowych\/\"]}]},{\"@type\":\"BreadcrumbList\",\"@id\":\"https:\/\/gpm3.eu\/polish\/system-realizacji-projektow-rzadowych\/#breadcrumb\",\"itemListElement\":[{\"@type\":\"ListItem\",\"position\":1,\"name\":\"Home\",\"item\":\"https:\/\/gpm3.eu\/polish\/\"},{\"@type\":\"ListItem\",\"position\":2,\"name\":\"System Realizacji Projekt\u00f3w Rz\u0105dowych (SRPR)\"}]},{\"@type\":\"WebSite\",\"@id\":\"https:\/\/gpm3.eu\/polish\/#website\",\"url\":\"https:\/\/gpm3.eu\/polish\/\",\"name\":\"PL | gpm3.eu\/polish\",\"description\":\"gpm3.eu\/polish\",\"potentialAction\":[{\"@type\":\"SearchAction\",\"target\":{\"@type\":\"EntryPoint\",\"urlTemplate\":\"https:\/\/gpm3.eu\/polish\/?s={search_term_string}\"},\"query-input\":{\"@type\":\"PropertyValueSpecification\",\"valueRequired\":true,\"valueName\":\"search_term_string\"}}],\"inLanguage\":\"pl-PL\"}]}<\/script>\n<!-- \/ Yoast SEO plugin. -->","yoast_head_json":{"title":"System Realizacji Projekt\u00f3w Rz\u0105dowych (SRPR) - PL | gpm3.eu\/polish","description":"Projekty publiczne s\u0105 realizowane w \u015brodowisku organizacyjnym ustanowionym przez rz\u0105d. Obejmuje ono procesy, metodologie, praktyki, organizacje, bazy danych, kierownik\u00f3w projekt\u00f3w, modele dojrza\u0142o\u015bci zarz\u0105dzania projektami, wykonawc\u00f3w projekt\u00f3w i inne elementy w danej jednostce administracyjnej, z kt\u00f3rych wszystkie definiuj\u0105, kszta\u0142tuj\u0105 lub wp\u0142ywaj\u0105 na spos\u00f3b realizacji projekt\u00f3w sektora publicznego. To \u015brodowisko nosi nazw\u0119 Systemu Realizacji Projekt\u00f3w Rz\u0105dowych (ang. Governmental Project Implementation System, GPIS).","robots":{"index":"index","follow":"follow","max-snippet":"max-snippet:-1","max-image-preview":"max-image-preview:large","max-video-preview":"max-video-preview:-1"},"canonical":"https:\/\/gpm3.eu\/polish\/system-realizacji-projektow-rzadowych\/","og_locale":"pl_PL","og_type":"article","og_title":"System Realizacji Projekt\u00f3w Rz\u0105dowych (SRPR) - PL | gpm3.eu\/polish","og_description":"Projekty publiczne s\u0105 realizowane w \u015brodowisku organizacyjnym ustanowionym przez rz\u0105d. Obejmuje ono procesy, metodologie, praktyki, organizacje, bazy danych, kierownik\u00f3w projekt\u00f3w, modele dojrza\u0142o\u015bci zarz\u0105dzania projektami, wykonawc\u00f3w projekt\u00f3w i inne elementy w danej jednostce administracyjnej, z kt\u00f3rych wszystkie definiuj\u0105, kszta\u0142tuj\u0105 lub wp\u0142ywaj\u0105 na spos\u00f3b realizacji projekt\u00f3w sektora publicznego. To \u015brodowisko nosi nazw\u0119 Systemu Realizacji Projekt\u00f3w Rz\u0105dowych (ang. Governmental Project Implementation System, GPIS).","og_url":"https:\/\/gpm3.eu\/polish\/system-realizacji-projektow-rzadowych\/","og_site_name":"PL | gpm3.eu\/polish","article_modified_time":"2019-06-21T12:32:32+00:00","twitter_card":"summary_large_image","schema":{"@context":"https:\/\/schema.org","@graph":[{"@type":"WebPage","@id":"https:\/\/gpm3.eu\/polish\/system-realizacji-projektow-rzadowych\/","url":"https:\/\/gpm3.eu\/polish\/system-realizacji-projektow-rzadowych\/","name":"System Realizacji Projekt\u00f3w Rz\u0105dowych (SRPR) - PL | gpm3.eu\/polish","isPartOf":{"@id":"https:\/\/gpm3.eu\/polish\/#website"},"datePublished":"2019-03-22T08:57:34+00:00","dateModified":"2019-06-21T12:32:32+00:00","description":"Projekty publiczne s\u0105 realizowane w \u015brodowisku organizacyjnym ustanowionym przez rz\u0105d. Obejmuje ono procesy, metodologie, praktyki, organizacje, bazy danych, kierownik\u00f3w projekt\u00f3w, modele dojrza\u0142o\u015bci zarz\u0105dzania projektami, wykonawc\u00f3w projekt\u00f3w i inne elementy w danej jednostce administracyjnej, z kt\u00f3rych wszystkie definiuj\u0105, kszta\u0142tuj\u0105 lub wp\u0142ywaj\u0105 na spos\u00f3b realizacji projekt\u00f3w sektora publicznego. To \u015brodowisko nosi nazw\u0119 Systemu Realizacji Projekt\u00f3w Rz\u0105dowych (ang. Governmental Project Implementation System, GPIS).","breadcrumb":{"@id":"https:\/\/gpm3.eu\/polish\/system-realizacji-projektow-rzadowych\/#breadcrumb"},"inLanguage":"pl-PL","potentialAction":[{"@type":"ReadAction","target":["https:\/\/gpm3.eu\/polish\/system-realizacji-projektow-rzadowych\/"]}]},{"@type":"BreadcrumbList","@id":"https:\/\/gpm3.eu\/polish\/system-realizacji-projektow-rzadowych\/#breadcrumb","itemListElement":[{"@type":"ListItem","position":1,"name":"Home","item":"https:\/\/gpm3.eu\/polish\/"},{"@type":"ListItem","position":2,"name":"System Realizacji Projekt\u00f3w Rz\u0105dowych (SRPR)"}]},{"@type":"WebSite","@id":"https:\/\/gpm3.eu\/polish\/#website","url":"https:\/\/gpm3.eu\/polish\/","name":"PL | gpm3.eu\/polish","description":"gpm3.eu\/polish","potentialAction":[{"@type":"SearchAction","target":{"@type":"EntryPoint","urlTemplate":"https:\/\/gpm3.eu\/polish\/?s={search_term_string}"},"query-input":{"@type":"PropertyValueSpecification","valueRequired":true,"valueName":"search_term_string"}}],"inLanguage":"pl-PL"}]}},"_links":{"self":[{"href":"https:\/\/gpm3.eu\/polish\/wp-json\/wp\/v2\/pages\/44","targetHints":{"allow":["GET"]}}],"collection":[{"href":"https:\/\/gpm3.eu\/polish\/wp-json\/wp\/v2\/pages"}],"about":[{"href":"https:\/\/gpm3.eu\/polish\/wp-json\/wp\/v2\/types\/page"}],"author":[{"embeddable":true,"href":"https:\/\/gpm3.eu\/polish\/wp-json\/wp\/v2\/users\/1"}],"replies":[{"embeddable":true,"href":"https:\/\/gpm3.eu\/polish\/wp-json\/wp\/v2\/comments?post=44"}],"version-history":[{"count":3,"href":"https:\/\/gpm3.eu\/polish\/wp-json\/wp\/v2\/pages\/44\/revisions"}],"predecessor-version":[{"id":423,"href":"https:\/\/gpm3.eu\/polish\/wp-json\/wp\/v2\/pages\/44\/revisions\/423"}],"wp:attachment":[{"href":"https:\/\/gpm3.eu\/polish\/wp-json\/wp\/v2\/media?parent=44"}],"curies":[{"name":"wp","href":"https:\/\/api.w.org\/{rel}","templated":true}]}}