{"id":46,"date":"2019-03-22T09:57:49","date_gmt":"2019-03-22T08:57:49","guid":{"rendered":"http:\/\/gpm3.eu\/polish\/?page_id=46"},"modified":"2019-06-21T14:32:14","modified_gmt":"2019-06-21T12:32:14","slug":"rzadowe-zarzadzanie-projektami","status":"publish","type":"page","link":"https:\/\/gpm3.eu\/polish\/rzadowe-zarzadzanie-projektami\/","title":{"rendered":"Rz\u0105dowe Zarz\u0105dzanie Projektami"},"content":{"rendered":"<div id=\"dslc-main\">\n\t\t<div  class=\"dslc-modules-section \" style=\"padding-bottom:45px;padding-top:45px;background-image:url(https:\/\/gpm3.eu\/polish\/wp-content\/uploads\/sites\/2\/2019\/04\/tlo.jpg);background-position:center center;background-size:cover;\" data-section-id=\"f9a803631d2\">\n\t\t\t\t<div class=\"dslc-bg-video dslc-force-show\"><div class=\"dslc-bg-video-overlay\" style=\"background-color:#08214e; opacity:0.85; \"><\/div><\/div>\n\t\t\t\t\n\t\t\t\t<div class=\"dslc-modules-section-wrapper dslc-clearfix\"><div class=\"dslc-modules-area dslc-col dslc-2-col dslc-first-col\" data-size=\"2\" data-valign=\"\"><\/div><div class=\"dslc-modules-area dslc-col dslc-8-col \" data-size=\"8\" data-valign=\"\">\n\t\t<div id=\"dslc-module-d9be4c200fd\" class=\"dslc-module-front dslc-module-DSLC_Text_Simple dslc-in-viewport-check dslc-in-viewport-anim-none  dslc-col dslc-12-col dslc-last-col  dslc-module-handle-like-regular \" data-module-id=\"d9be4c200fd\" data-module=\"DSLC_Text_Simple\" data-dslc-module-size=\"12\" data-dslc-anim=\"none\" data-dslc-anim-delay=\"\" data-dslc-anim-duration=\"650\"  data-dslc-anim-easing=\"ease\" data-dslc-preset=\"none\" >\n\n\t\t\t\n\t\t\t\n\t\t\r\n\t\t<div class=\"dslc-text-module-content\">\r\n\t\t\t<p>Elementy<\/p>\t\t<\/div>\r\n\r\n\t\t\n\t\t\t\t<\/div><!-- .dslc-module -->\n\t\t<\/div><\/div><\/div>\n\t\t<div  class=\"dslc-modules-section dostosuj-wysokosc \" style=\"padding-bottom:20px;padding-top:20px;background-color:#ededed;\" data-section-id=\"b24e21475c1\">\n\t\t\t\t\n\t\t\t\t\n\t\t\t\t<div class=\"dslc-modules-section-wrapper dslc-clearfix\"><div class=\"dslc-modules-area dslc-col dslc-12-col dslc-last-col\" data-size=\"12\" data-valign=\"\">\n\t\t<div id=\"dslc-module-a606ae48fb0\" class=\"dslc-module-front dslc-module-DSLC_Text_Simple dslc-in-viewport-check dslc-in-viewport-anim-none  dslc-col dslc-12-col dslc-last-col  dslc-module-handle-like-regular \" data-module-id=\"a606ae48fb0\" data-module=\"DSLC_Text_Simple\" data-dslc-module-size=\"12\" data-dslc-anim=\"none\" data-dslc-anim-delay=\"\" data-dslc-anim-duration=\"650\"  data-dslc-anim-easing=\"ease\" data-dslc-preset=\"none\" >\n\n\t\t\t\n\t\t\t\n\t\t\r\n\t\t<div class=\"dslc-text-module-content\">\r\n\t\t\t<p>Rz\u0105dowe Zarz\u0105dzanie Projektami (RZP)<\/p>\t\t<\/div>\r\n\r\n\t\t\n\t\t\t\t<\/div><!-- .dslc-module -->\n\t\t\n\t\t<div id=\"dslc-module-039e26a3843\" class=\"dslc-module-front dslc-module-DSLC_Text_Simple dslc-in-viewport-check dslc-in-viewport-anim-none  dslc-col dslc-12-col dslc-last-col  dslc-module-handle-like-regular \" data-module-id=\"039e26a3843\" data-module=\"DSLC_Text_Simple\" data-dslc-module-size=\"12\" data-dslc-anim=\"none\" data-dslc-anim-delay=\"\" data-dslc-anim-duration=\"950\"  data-dslc-anim-easing=\"ease\" data-dslc-preset=\"none\" >\n\n\t\t\t\n\t\t\t\n\t\t\r\n\t\t<div class=\"dslc-text-module-content\">\r\n\t\t\t<p><span style=\"color: #000000;\">Rz\u0105dy tworz\u0105 i utrzymuj\u0105 swoje Systemy Realizacji Projekt\u00f3w Rz\u0105dowych. Je\u015bli w danym kraju oka\u017ce si\u0119, \u017ce projekty sektora publicznego zbyt cz\u0119sto nie udaj\u0105 si\u0119, mo\u017ce zosta\u0107 uchwalone prawo wymagaj\u0105ce zwi\u0119kszenia efektywno\u015bci zarz\u0105dzania projektami w organizacjach publicznych. Mo\u017cliwe jest te\u017c ustanowienie organizacji maj\u0105cej na celu wspieranie realizacji projekt\u00f3w sektora publicznego. Innym dzia\u0142aniem mog\u0142oby by\u0107 wprowadzenie procesu raportowania i monitorowania projekt\u00f3w sektora publicznego.<\/span><\/p><p><span style=\"color: #000000;\">Wszystkie dzia\u0142ania zwi\u0105zane z GPIS, realizowane przez rz\u0105dy, mog\u0105 by\u0107 traktowane jako zarz\u0105dzanie tym systemem. Ten poziom zarz\u0105dzania projektami jest nazywany Rz\u0105dowym Zarz\u0105dzaniem Projektami (ang. Governmental Project Management, GPM). GPM sk\u0142ada si\u0119 z dzia\u0142a\u0144, kt\u00f3re kszta\u0142tuj\u0105, utrzymuj\u0105 i rozwijaj\u0105 funkcjonowanie GPIS w spos\u00f3b zapewniaj\u0105cy maksymalne korzy\u015bci z projekt\u00f3w sektora publicznego dla danego kraju.<\/span><\/p>\t\t<\/div>\r\n\r\n\t\t\n\t\t\t\t<\/div><!-- .dslc-module -->\n\t\t<\/div><\/div><\/div><\/div>","protected":false},"excerpt":{"rendered":"<p>Elementy Rz\u0105dowe Zarz\u0105dzanie Projektami (RZP) Rz\u0105dy tworz\u0105 i utrzymuj\u0105 swoje Systemy Realizacji Projekt\u00f3w Rz\u0105dowych. Je\u015bli w danym kraju oka\u017ce si\u0119, \u017ce projekty sektora publicznego zbyt cz\u0119sto nie udaj\u0105 si\u0119, mo\u017ce zosta\u0107 uchwalone prawo wymagaj\u0105ce zwi\u0119kszenia efektywno\u015bci zarz\u0105dzania projektami w organizacjach publicznych. Mo\u017cliwe jest te\u017c ustanowienie organizacji maj\u0105cej na celu wspieranie realizacji projekt\u00f3w sektora publicznego. Innym [&hellip;]<\/p>\n","protected":false},"author":1,"featured_media":0,"parent":0,"menu_order":0,"comment_status":"closed","ping_status":"closed","template":"","meta":{"footnotes":""},"class_list":["post-46","page","type-page","status-publish","hentry"],"yoast_head":"<!-- This site is optimized with the Yoast SEO plugin v24.6 - https:\/\/yoast.com\/wordpress\/plugins\/seo\/ -->\n<title>Rz\u0105dowe Zarz\u0105dzanie Projektami - PL | gpm3.eu\/polish<\/title>\n<meta name=\"description\" content=\"Rz\u0105dy tworz\u0105 i utrzymuj\u0105 swoje Systemy Realizacji Projekt\u00f3w Rz\u0105dowych. Wszystkie dzia\u0142ania zwi\u0105zane z GPIS, realizowane przez rz\u0105dy, mog\u0105 by\u0107 traktowane jako zarz\u0105dzanie tym systemem.\" \/>\n<meta name=\"robots\" content=\"index, follow, max-snippet:-1, max-image-preview:large, max-video-preview:-1\" \/>\n<link rel=\"canonical\" href=\"https:\/\/gpm3.eu\/polish\/rzadowe-zarzadzanie-projektami\/\" \/>\n<meta property=\"og:locale\" content=\"pl_PL\" \/>\n<meta property=\"og:type\" content=\"article\" \/>\n<meta property=\"og:title\" content=\"Rz\u0105dowe Zarz\u0105dzanie Projektami - PL | gpm3.eu\/polish\" \/>\n<meta property=\"og:description\" content=\"Rz\u0105dy tworz\u0105 i utrzymuj\u0105 swoje Systemy Realizacji Projekt\u00f3w Rz\u0105dowych. Wszystkie dzia\u0142ania zwi\u0105zane z GPIS, realizowane przez rz\u0105dy, mog\u0105 by\u0107 traktowane jako zarz\u0105dzanie tym systemem.\" \/>\n<meta property=\"og:url\" content=\"https:\/\/gpm3.eu\/polish\/rzadowe-zarzadzanie-projektami\/\" \/>\n<meta property=\"og:site_name\" content=\"PL | gpm3.eu\/polish\" \/>\n<meta property=\"article:modified_time\" content=\"2019-06-21T12:32:14+00:00\" \/>\n<meta name=\"twitter:card\" content=\"summary_large_image\" \/>\n<script type=\"application\/ld+json\" class=\"yoast-schema-graph\">{\"@context\":\"https:\/\/schema.org\",\"@graph\":[{\"@type\":\"WebPage\",\"@id\":\"https:\/\/gpm3.eu\/polish\/rzadowe-zarzadzanie-projektami\/\",\"url\":\"https:\/\/gpm3.eu\/polish\/rzadowe-zarzadzanie-projektami\/\",\"name\":\"Rz\u0105dowe Zarz\u0105dzanie Projektami - PL | gpm3.eu\/polish\",\"isPartOf\":{\"@id\":\"https:\/\/gpm3.eu\/polish\/#website\"},\"datePublished\":\"2019-03-22T08:57:49+00:00\",\"dateModified\":\"2019-06-21T12:32:14+00:00\",\"description\":\"Rz\u0105dy tworz\u0105 i utrzymuj\u0105 swoje Systemy Realizacji Projekt\u00f3w Rz\u0105dowych. Wszystkie dzia\u0142ania zwi\u0105zane z GPIS, realizowane przez rz\u0105dy, mog\u0105 by\u0107 traktowane jako zarz\u0105dzanie tym systemem.\",\"breadcrumb\":{\"@id\":\"https:\/\/gpm3.eu\/polish\/rzadowe-zarzadzanie-projektami\/#breadcrumb\"},\"inLanguage\":\"pl-PL\",\"potentialAction\":[{\"@type\":\"ReadAction\",\"target\":[\"https:\/\/gpm3.eu\/polish\/rzadowe-zarzadzanie-projektami\/\"]}]},{\"@type\":\"BreadcrumbList\",\"@id\":\"https:\/\/gpm3.eu\/polish\/rzadowe-zarzadzanie-projektami\/#breadcrumb\",\"itemListElement\":[{\"@type\":\"ListItem\",\"position\":1,\"name\":\"Home\",\"item\":\"https:\/\/gpm3.eu\/polish\/\"},{\"@type\":\"ListItem\",\"position\":2,\"name\":\"Rz\u0105dowe Zarz\u0105dzanie Projektami\"}]},{\"@type\":\"WebSite\",\"@id\":\"https:\/\/gpm3.eu\/polish\/#website\",\"url\":\"https:\/\/gpm3.eu\/polish\/\",\"name\":\"PL | gpm3.eu\/polish\",\"description\":\"gpm3.eu\/polish\",\"potentialAction\":[{\"@type\":\"SearchAction\",\"target\":{\"@type\":\"EntryPoint\",\"urlTemplate\":\"https:\/\/gpm3.eu\/polish\/?s={search_term_string}\"},\"query-input\":{\"@type\":\"PropertyValueSpecification\",\"valueRequired\":true,\"valueName\":\"search_term_string\"}}],\"inLanguage\":\"pl-PL\"}]}<\/script>\n<!-- \/ Yoast SEO plugin. -->","yoast_head_json":{"title":"Rz\u0105dowe Zarz\u0105dzanie Projektami - PL | gpm3.eu\/polish","description":"Rz\u0105dy tworz\u0105 i utrzymuj\u0105 swoje Systemy Realizacji Projekt\u00f3w Rz\u0105dowych. Wszystkie dzia\u0142ania zwi\u0105zane z GPIS, realizowane przez rz\u0105dy, mog\u0105 by\u0107 traktowane jako zarz\u0105dzanie tym systemem.","robots":{"index":"index","follow":"follow","max-snippet":"max-snippet:-1","max-image-preview":"max-image-preview:large","max-video-preview":"max-video-preview:-1"},"canonical":"https:\/\/gpm3.eu\/polish\/rzadowe-zarzadzanie-projektami\/","og_locale":"pl_PL","og_type":"article","og_title":"Rz\u0105dowe Zarz\u0105dzanie Projektami - PL | gpm3.eu\/polish","og_description":"Rz\u0105dy tworz\u0105 i utrzymuj\u0105 swoje Systemy Realizacji Projekt\u00f3w Rz\u0105dowych. Wszystkie dzia\u0142ania zwi\u0105zane z GPIS, realizowane przez rz\u0105dy, mog\u0105 by\u0107 traktowane jako zarz\u0105dzanie tym systemem.","og_url":"https:\/\/gpm3.eu\/polish\/rzadowe-zarzadzanie-projektami\/","og_site_name":"PL | gpm3.eu\/polish","article_modified_time":"2019-06-21T12:32:14+00:00","twitter_card":"summary_large_image","schema":{"@context":"https:\/\/schema.org","@graph":[{"@type":"WebPage","@id":"https:\/\/gpm3.eu\/polish\/rzadowe-zarzadzanie-projektami\/","url":"https:\/\/gpm3.eu\/polish\/rzadowe-zarzadzanie-projektami\/","name":"Rz\u0105dowe Zarz\u0105dzanie Projektami - PL | gpm3.eu\/polish","isPartOf":{"@id":"https:\/\/gpm3.eu\/polish\/#website"},"datePublished":"2019-03-22T08:57:49+00:00","dateModified":"2019-06-21T12:32:14+00:00","description":"Rz\u0105dy tworz\u0105 i utrzymuj\u0105 swoje Systemy Realizacji Projekt\u00f3w Rz\u0105dowych. Wszystkie dzia\u0142ania zwi\u0105zane z GPIS, realizowane przez rz\u0105dy, mog\u0105 by\u0107 traktowane jako zarz\u0105dzanie tym systemem.","breadcrumb":{"@id":"https:\/\/gpm3.eu\/polish\/rzadowe-zarzadzanie-projektami\/#breadcrumb"},"inLanguage":"pl-PL","potentialAction":[{"@type":"ReadAction","target":["https:\/\/gpm3.eu\/polish\/rzadowe-zarzadzanie-projektami\/"]}]},{"@type":"BreadcrumbList","@id":"https:\/\/gpm3.eu\/polish\/rzadowe-zarzadzanie-projektami\/#breadcrumb","itemListElement":[{"@type":"ListItem","position":1,"name":"Home","item":"https:\/\/gpm3.eu\/polish\/"},{"@type":"ListItem","position":2,"name":"Rz\u0105dowe Zarz\u0105dzanie Projektami"}]},{"@type":"WebSite","@id":"https:\/\/gpm3.eu\/polish\/#website","url":"https:\/\/gpm3.eu\/polish\/","name":"PL | gpm3.eu\/polish","description":"gpm3.eu\/polish","potentialAction":[{"@type":"SearchAction","target":{"@type":"EntryPoint","urlTemplate":"https:\/\/gpm3.eu\/polish\/?s={search_term_string}"},"query-input":{"@type":"PropertyValueSpecification","valueRequired":true,"valueName":"search_term_string"}}],"inLanguage":"pl-PL"}]}},"_links":{"self":[{"href":"https:\/\/gpm3.eu\/polish\/wp-json\/wp\/v2\/pages\/46","targetHints":{"allow":["GET"]}}],"collection":[{"href":"https:\/\/gpm3.eu\/polish\/wp-json\/wp\/v2\/pages"}],"about":[{"href":"https:\/\/gpm3.eu\/polish\/wp-json\/wp\/v2\/types\/page"}],"author":[{"embeddable":true,"href":"https:\/\/gpm3.eu\/polish\/wp-json\/wp\/v2\/users\/1"}],"replies":[{"embeddable":true,"href":"https:\/\/gpm3.eu\/polish\/wp-json\/wp\/v2\/comments?post=46"}],"version-history":[{"count":2,"href":"https:\/\/gpm3.eu\/polish\/wp-json\/wp\/v2\/pages\/46\/revisions"}],"predecessor-version":[{"id":366,"href":"https:\/\/gpm3.eu\/polish\/wp-json\/wp\/v2\/pages\/46\/revisions\/366"}],"wp:attachment":[{"href":"https:\/\/gpm3.eu\/polish\/wp-json\/wp\/v2\/media?parent=46"}],"curies":[{"name":"wp","href":"https:\/\/api.w.org\/{rel}","templated":true}]}}