{"id":55,"date":"2019-03-22T09:59:06","date_gmt":"2019-03-22T08:59:06","guid":{"rendered":"http:\/\/gpm3.eu\/polish\/?page_id=55"},"modified":"2019-06-21T14:32:53","modified_gmt":"2019-06-21T12:32:53","slug":"tworzenie-strategii-rozwoju-systemu-realizacji-projektow-rzadowych","status":"publish","type":"page","link":"https:\/\/gpm3.eu\/polish\/tworzenie-strategii-rozwoju-systemu-realizacji-projektow-rzadowych\/","title":{"rendered":"Tworzenie strategii rozwoju SRPR"},"content":{"rendered":"<div id=\"dslc-main\">\n\t\t<div  class=\"dslc-modules-section \" style=\"padding-bottom:45px;padding-top:45px;background-image:url(http:\/\/gpm3.eu\/polish\/wp-content\/uploads\/sites\/2\/2019\/04\/tlo.jpg);background-position:center center;background-size:cover;\" data-section-id=\"3cd7961d96b\">\n\t\t\t\t<div class=\"dslc-bg-video dslc-force-show\"><div class=\"dslc-bg-video-overlay\" style=\"background-color:#08214e; opacity:0.85; \"><\/div><\/div>\n\t\t\t\t\n\t\t\t\t<div class=\"dslc-modules-section-wrapper dslc-clearfix\"><div class=\"dslc-modules-area dslc-col dslc-2-col dslc-first-col\" data-size=\"2\" data-valign=\"\"><\/div><div class=\"dslc-modules-area dslc-col dslc-8-col \" data-size=\"8\" data-valign=\"\">\n\t\t<div id=\"dslc-module-99f118147d0\" class=\"dslc-module-front dslc-module-DSLC_Text_Simple dslc-in-viewport-check dslc-in-viewport-anim-none  dslc-col dslc-12-col dslc-last-col  dslc-module-handle-like-regular \" data-module-id=\"99f118147d0\" data-module=\"DSLC_Text_Simple\" data-dslc-module-size=\"12\" data-dslc-anim=\"none\" data-dslc-anim-delay=\"\" data-dslc-anim-duration=\"650\"  data-dslc-anim-easing=\"ease\" data-dslc-preset=\"none\" >\n\n\t\t\t\n\t\t\t\n\t\t\r\n\t\t<div class=\"dslc-text-module-content\">\r\n\t\t\t<p>Co robi\u0107?<\/p>\t\t<\/div>\r\n\r\n\t\t\n\t\t\t\t<\/div><!-- .dslc-module -->\n\t\t<\/div><\/div><\/div>\n\t\t<div  class=\"dslc-modules-section dostosuj-wysokosc \" style=\"padding-bottom:20px;padding-top:20px;background-color:#ededed;\" data-section-id=\"c80c4550209\">\n\t\t\t\t\n\t\t\t\t\n\t\t\t\t<div class=\"dslc-modules-section-wrapper dslc-clearfix\"><div class=\"dslc-modules-area dslc-col dslc-12-col dslc-last-col\" data-size=\"12\" data-valign=\"\">\n\t\t<div id=\"dslc-module-94dfe30eab6\" class=\"dslc-module-front dslc-module-DSLC_Text_Simple dslc-in-viewport-check dslc-in-viewport-anim-none  dslc-col dslc-12-col dslc-last-col  dslc-module-handle-like-regular \" data-module-id=\"94dfe30eab6\" data-module=\"DSLC_Text_Simple\" data-dslc-module-size=\"12\" data-dslc-anim=\"none\" data-dslc-anim-delay=\"\" data-dslc-anim-duration=\"650\"  data-dslc-anim-easing=\"ease\" data-dslc-preset=\"none\" >\n\n\t\t\t\n\t\t\t\n\t\t\r\n\t\t<div class=\"dslc-text-module-content\">\r\n\t\t\t<p>Tworzenie strategii rozwoju SRPR<\/p>\t\t<\/div>\r\n\r\n\t\t\n\t\t\t\t<\/div><!-- .dslc-module -->\n\t\t\n\t\t<div id=\"dslc-module-88e22302ead\" class=\"dslc-module-front dslc-module-DSLC_Text_Simple dslc-in-viewport-check dslc-in-viewport-anim-none  dslc-col dslc-12-col dslc-last-col  dslc-module-handle-like-regular \" data-module-id=\"88e22302ead\" data-module=\"DSLC_Text_Simple\" data-dslc-module-size=\"12\" data-dslc-anim=\"none\" data-dslc-anim-delay=\"\" data-dslc-anim-duration=\"950\"  data-dslc-anim-easing=\"ease\" data-dslc-preset=\"none\" >\n\n\t\t\t\n\t\t\t\n\t\t\r\n\t\t<div class=\"dslc-text-module-content\">\r\n\t\t\t<p><span style=\"color: #000000;\">Skoro ju\u017c wiesz, jak dobry jest Tw\u00f3j SRPR, jakie s\u0105 jego mocne i s\u0142abe strony, mo\u017cesz zacz\u0105\u0107 my\u015ble\u0107 o jego poprawie. Naturalnym kierunkiem rozwoju jest osi\u0105gni\u0119cie kolejnych poziom\u00f3w MDRZP. Ale ulepsze\u0144 SRPR nie mo\u017cna dokona\u0107 w ci\u0105gu kilku miesi\u0119cy; zwykle proces ten trzeba roz\u0142o\u017cy\u0107 na kilka lat.<\/span><\/p><p><span style=\"color: #000000;\">Rz\u0105d zazwyczaj ma okre\u015blone priorytety. By\u0107 mo\u017ce zwraca szczeg\u00f3ln\u0105 uwag\u0119 na projekty infrastrukturalne, by\u0107 mo\u017ce na projekty restrukturyzuj\u0105ce administracj\u0119, mo\u017ce na projekty IT albo na jeszcze inne rodzaje projekt\u00f3w. R\u00f3\u017cne czynniki mog\u0105 wp\u0142ywa\u0107 na fakt, \u017ce szczeg\u00f3ln\u0105 wag\u0119 nale\u017cy przywi\u0105zywa\u0107 do zarz\u0105dzania kosztami, zarz\u0105dzania portfelem projekt\u00f3w, dobrej specyfikacji produkt\u00f3w projektu, wsp\u00f3\u0142pracy z interesariuszami lub do innych obszar\u00f3w zarz\u0105dzania projektami.<\/span><\/p><p><span style=\"color: #000000;\">Priorytety, aktualna dojrza\u0142o\u015b\u0107 SRPR, sytuacja, mocne strony, s\u0142abe strony i inne czynniki (takie jak kultura) mog\u0105 stanowi\u0107 podstaw\u0119 do okre\u015blenia planu rozwoju SRPR w Twoim kraju. Mo\u017cesz wybra\u0107 dowolny obszar do poprawy, na przyk\u0142ad zarz\u0105dzanie kosztami, zaanga\u017cowanie interesariuszy lub, powiedzmy, zarz\u0105dzanie programami. Dzia\u0142ania te b\u0119d\u0105 stanowi\u0107 program poprawy zarz\u0105dzania projektami. W ramach planu takiego programu powiniene\u015b udokumentowa\u0107, mi\u0119dzy innymi, oczekiwane korzy\u015bci, potrzebne upowa\u017cnienia, fundusze, zaanga\u017cowanie interesariuszy, harmonogram i prawdopodobnie inne czynniki specyficzne dla Twojego rz\u0105du.<\/span><\/p>\t\t<\/div>\r\n\r\n\t\t\n\t\t\t\t<\/div><!-- .dslc-module -->\n\t\t<\/div><\/div><\/div><\/div>","protected":false},"excerpt":{"rendered":"<p>Co robi\u0107? Tworzenie strategii rozwoju SRPR Skoro ju\u017c wiesz, jak dobry jest Tw\u00f3j SRPR, jakie s\u0105 jego mocne i s\u0142abe strony, mo\u017cesz zacz\u0105\u0107 my\u015ble\u0107 o jego poprawie. Naturalnym kierunkiem rozwoju jest osi\u0105gni\u0119cie kolejnych poziom\u00f3w MDRZP. Ale ulepsze\u0144 SRPR nie mo\u017cna dokona\u0107 w ci\u0105gu kilku miesi\u0119cy; zwykle proces ten trzeba roz\u0142o\u017cy\u0107 na kilka lat.Rz\u0105d zazwyczaj ma [&hellip;]<\/p>\n","protected":false},"author":1,"featured_media":0,"parent":0,"menu_order":0,"comment_status":"closed","ping_status":"closed","template":"","meta":{"footnotes":""},"class_list":["post-55","page","type-page","status-publish","hentry"],"yoast_head":"<!-- This site is optimized with the Yoast SEO plugin v24.6 - https:\/\/yoast.com\/wordpress\/plugins\/seo\/ -->\n<title>Tworzenie strategii rozwoju SRPR - PL | gpm3.eu\/polish<\/title>\n<meta name=\"description\" content=\"Priorytety, aktualna dojrza\u0142o\u015b\u0107 SRPR, sytuacja, mocne strony, s\u0142abe strony i inne czynniki (takie jak kultura) mog\u0105 stanowi\u0107 podstaw\u0119 do okre\u015blenia planu rozwoju SRPR w Twoim kraju.\" \/>\n<meta name=\"robots\" content=\"index, follow, max-snippet:-1, max-image-preview:large, max-video-preview:-1\" \/>\n<link rel=\"canonical\" href=\"https:\/\/gpm3.eu\/polish\/tworzenie-strategii-rozwoju-systemu-realizacji-projektow-rzadowych\/\" \/>\n<meta property=\"og:locale\" content=\"pl_PL\" \/>\n<meta property=\"og:type\" content=\"article\" \/>\n<meta property=\"og:title\" content=\"Tworzenie strategii rozwoju SRPR - PL | gpm3.eu\/polish\" \/>\n<meta property=\"og:description\" content=\"Priorytety, aktualna dojrza\u0142o\u015b\u0107 SRPR, sytuacja, mocne strony, s\u0142abe strony i inne czynniki (takie jak kultura) mog\u0105 stanowi\u0107 podstaw\u0119 do okre\u015blenia planu rozwoju SRPR w Twoim kraju.\" \/>\n<meta property=\"og:url\" content=\"https:\/\/gpm3.eu\/polish\/tworzenie-strategii-rozwoju-systemu-realizacji-projektow-rzadowych\/\" \/>\n<meta property=\"og:site_name\" content=\"PL | gpm3.eu\/polish\" \/>\n<meta property=\"article:modified_time\" content=\"2019-06-21T12:32:53+00:00\" \/>\n<meta name=\"twitter:card\" content=\"summary_large_image\" \/>\n<script type=\"application\/ld+json\" class=\"yoast-schema-graph\">{\"@context\":\"https:\/\/schema.org\",\"@graph\":[{\"@type\":\"WebPage\",\"@id\":\"https:\/\/gpm3.eu\/polish\/tworzenie-strategii-rozwoju-systemu-realizacji-projektow-rzadowych\/\",\"url\":\"https:\/\/gpm3.eu\/polish\/tworzenie-strategii-rozwoju-systemu-realizacji-projektow-rzadowych\/\",\"name\":\"Tworzenie strategii rozwoju SRPR - PL | gpm3.eu\/polish\",\"isPartOf\":{\"@id\":\"http:\/\/gpm3.eu\/polish\/#website\"},\"datePublished\":\"2019-03-22T08:59:06+00:00\",\"dateModified\":\"2019-06-21T12:32:53+00:00\",\"description\":\"Priorytety, aktualna dojrza\u0142o\u015b\u0107 SRPR, sytuacja, mocne strony, s\u0142abe strony i inne czynniki (takie jak kultura) mog\u0105 stanowi\u0107 podstaw\u0119 do okre\u015blenia planu rozwoju SRPR w Twoim kraju.\",\"breadcrumb\":{\"@id\":\"https:\/\/gpm3.eu\/polish\/tworzenie-strategii-rozwoju-systemu-realizacji-projektow-rzadowych\/#breadcrumb\"},\"inLanguage\":\"pl-PL\",\"potentialAction\":[{\"@type\":\"ReadAction\",\"target\":[\"https:\/\/gpm3.eu\/polish\/tworzenie-strategii-rozwoju-systemu-realizacji-projektow-rzadowych\/\"]}]},{\"@type\":\"BreadcrumbList\",\"@id\":\"https:\/\/gpm3.eu\/polish\/tworzenie-strategii-rozwoju-systemu-realizacji-projektow-rzadowych\/#breadcrumb\",\"itemListElement\":[{\"@type\":\"ListItem\",\"position\":1,\"name\":\"Home\",\"item\":\"http:\/\/gpm3.eu\/polish\/\"},{\"@type\":\"ListItem\",\"position\":2,\"name\":\"Tworzenie strategii rozwoju SRPR\"}]},{\"@type\":\"WebSite\",\"@id\":\"http:\/\/gpm3.eu\/polish\/#website\",\"url\":\"http:\/\/gpm3.eu\/polish\/\",\"name\":\"PL | gpm3.eu\/polish\",\"description\":\"gpm3.eu\/polish\",\"potentialAction\":[{\"@type\":\"SearchAction\",\"target\":{\"@type\":\"EntryPoint\",\"urlTemplate\":\"http:\/\/gpm3.eu\/polish\/?s={search_term_string}\"},\"query-input\":{\"@type\":\"PropertyValueSpecification\",\"valueRequired\":true,\"valueName\":\"search_term_string\"}}],\"inLanguage\":\"pl-PL\"}]}<\/script>\n<!-- \/ Yoast SEO plugin. -->","yoast_head_json":{"title":"Tworzenie strategii rozwoju SRPR - PL | gpm3.eu\/polish","description":"Priorytety, aktualna dojrza\u0142o\u015b\u0107 SRPR, sytuacja, mocne strony, s\u0142abe strony i inne czynniki (takie jak kultura) mog\u0105 stanowi\u0107 podstaw\u0119 do okre\u015blenia planu rozwoju SRPR w Twoim kraju.","robots":{"index":"index","follow":"follow","max-snippet":"max-snippet:-1","max-image-preview":"max-image-preview:large","max-video-preview":"max-video-preview:-1"},"canonical":"https:\/\/gpm3.eu\/polish\/tworzenie-strategii-rozwoju-systemu-realizacji-projektow-rzadowych\/","og_locale":"pl_PL","og_type":"article","og_title":"Tworzenie strategii rozwoju SRPR - PL | gpm3.eu\/polish","og_description":"Priorytety, aktualna dojrza\u0142o\u015b\u0107 SRPR, sytuacja, mocne strony, s\u0142abe strony i inne czynniki (takie jak kultura) mog\u0105 stanowi\u0107 podstaw\u0119 do okre\u015blenia planu rozwoju SRPR w Twoim kraju.","og_url":"https:\/\/gpm3.eu\/polish\/tworzenie-strategii-rozwoju-systemu-realizacji-projektow-rzadowych\/","og_site_name":"PL | gpm3.eu\/polish","article_modified_time":"2019-06-21T12:32:53+00:00","twitter_card":"summary_large_image","schema":{"@context":"https:\/\/schema.org","@graph":[{"@type":"WebPage","@id":"https:\/\/gpm3.eu\/polish\/tworzenie-strategii-rozwoju-systemu-realizacji-projektow-rzadowych\/","url":"https:\/\/gpm3.eu\/polish\/tworzenie-strategii-rozwoju-systemu-realizacji-projektow-rzadowych\/","name":"Tworzenie strategii rozwoju SRPR - PL | gpm3.eu\/polish","isPartOf":{"@id":"http:\/\/gpm3.eu\/polish\/#website"},"datePublished":"2019-03-22T08:59:06+00:00","dateModified":"2019-06-21T12:32:53+00:00","description":"Priorytety, aktualna dojrza\u0142o\u015b\u0107 SRPR, sytuacja, mocne strony, s\u0142abe strony i inne czynniki (takie jak kultura) mog\u0105 stanowi\u0107 podstaw\u0119 do okre\u015blenia planu rozwoju SRPR w Twoim kraju.","breadcrumb":{"@id":"https:\/\/gpm3.eu\/polish\/tworzenie-strategii-rozwoju-systemu-realizacji-projektow-rzadowych\/#breadcrumb"},"inLanguage":"pl-PL","potentialAction":[{"@type":"ReadAction","target":["https:\/\/gpm3.eu\/polish\/tworzenie-strategii-rozwoju-systemu-realizacji-projektow-rzadowych\/"]}]},{"@type":"BreadcrumbList","@id":"https:\/\/gpm3.eu\/polish\/tworzenie-strategii-rozwoju-systemu-realizacji-projektow-rzadowych\/#breadcrumb","itemListElement":[{"@type":"ListItem","position":1,"name":"Home","item":"http:\/\/gpm3.eu\/polish\/"},{"@type":"ListItem","position":2,"name":"Tworzenie strategii rozwoju SRPR"}]},{"@type":"WebSite","@id":"http:\/\/gpm3.eu\/polish\/#website","url":"http:\/\/gpm3.eu\/polish\/","name":"PL | gpm3.eu\/polish","description":"gpm3.eu\/polish","potentialAction":[{"@type":"SearchAction","target":{"@type":"EntryPoint","urlTemplate":"http:\/\/gpm3.eu\/polish\/?s={search_term_string}"},"query-input":{"@type":"PropertyValueSpecification","valueRequired":true,"valueName":"search_term_string"}}],"inLanguage":"pl-PL"}]}},"_links":{"self":[{"href":"https:\/\/gpm3.eu\/polish\/wp-json\/wp\/v2\/pages\/55","targetHints":{"allow":["GET"]}}],"collection":[{"href":"https:\/\/gpm3.eu\/polish\/wp-json\/wp\/v2\/pages"}],"about":[{"href":"https:\/\/gpm3.eu\/polish\/wp-json\/wp\/v2\/types\/page"}],"author":[{"embeddable":true,"href":"https:\/\/gpm3.eu\/polish\/wp-json\/wp\/v2\/users\/1"}],"replies":[{"embeddable":true,"href":"https:\/\/gpm3.eu\/polish\/wp-json\/wp\/v2\/comments?post=55"}],"version-history":[{"count":3,"href":"https:\/\/gpm3.eu\/polish\/wp-json\/wp\/v2\/pages\/55\/revisions"}],"predecessor-version":[{"id":398,"href":"https:\/\/gpm3.eu\/polish\/wp-json\/wp\/v2\/pages\/55\/revisions\/398"}],"wp:attachment":[{"href":"https:\/\/gpm3.eu\/polish\/wp-json\/wp\/v2\/media?parent=55"}],"curies":[{"name":"wp","href":"https:\/\/api.w.org\/{rel}","templated":true}]}}