{"id":57,"date":"2019-03-22T09:59:17","date_gmt":"2019-03-22T08:59:17","guid":{"rendered":"http:\/\/gpm3.eu\/polish\/?page_id=57"},"modified":"2019-06-21T14:33:30","modified_gmt":"2019-06-21T12:33:30","slug":"wdrazanie-strategii-rozwoju-srpr","status":"publish","type":"page","link":"https:\/\/gpm3.eu\/polish\/wdrazanie-strategii-rozwoju-srpr\/","title":{"rendered":"Wdra\u017canie strategii rozwoju SRPR"},"content":{"rendered":"<div id=\"dslc-main\">\n\t\t<div  class=\"dslc-modules-section \" style=\"padding-bottom:45px;padding-top:45px;background-image:url(https:\/\/gpm3.eu\/polish\/wp-content\/uploads\/sites\/2\/2019\/04\/tlo.jpg);background-position:center center;background-size:cover;\" data-section-id=\"7fec8df65f6\">\n\t\t\t\t<div class=\"dslc-bg-video dslc-force-show\"><div class=\"dslc-bg-video-overlay\" style=\"background-color:#08214e; opacity:0.85; \"><\/div><\/div>\n\t\t\t\t\n\t\t\t\t<div class=\"dslc-modules-section-wrapper dslc-clearfix\"><div class=\"dslc-modules-area dslc-col dslc-2-col dslc-first-col\" data-size=\"2\" data-valign=\"\"><\/div><div class=\"dslc-modules-area dslc-col dslc-8-col \" data-size=\"8\" data-valign=\"\">\n\t\t<div id=\"dslc-module-4ec4c251f7d\" class=\"dslc-module-front dslc-module-DSLC_Text_Simple dslc-in-viewport-check dslc-in-viewport-anim-none  dslc-col dslc-12-col dslc-last-col  dslc-module-handle-like-regular \" data-module-id=\"4ec4c251f7d\" data-module=\"DSLC_Text_Simple\" data-dslc-module-size=\"12\" data-dslc-anim=\"none\" data-dslc-anim-delay=\"\" data-dslc-anim-duration=\"650\"  data-dslc-anim-easing=\"ease\" data-dslc-preset=\"none\" >\n\n\t\t\t\n\t\t\t\n\t\t\r\n\t\t<div class=\"dslc-text-module-content\">\r\n\t\t\t<p>Co robi\u0107?<\/p>\t\t<\/div>\r\n\r\n\t\t\n\t\t\t\t<\/div><!-- .dslc-module -->\n\t\t<\/div><\/div><\/div>\n\t\t<div  class=\"dslc-modules-section dostosuj-wysokosc \" style=\"padding-bottom:20px;padding-top:20px;background-color:#ededed;\" data-section-id=\"e6dba21e349\">\n\t\t\t\t\n\t\t\t\t\n\t\t\t\t<div class=\"dslc-modules-section-wrapper dslc-clearfix\"><div class=\"dslc-modules-area dslc-col dslc-12-col dslc-last-col\" data-size=\"12\" data-valign=\"\">\n\t\t<div id=\"dslc-module-ba59071a189\" class=\"dslc-module-front dslc-module-DSLC_Text_Simple dslc-in-viewport-check dslc-in-viewport-anim-none  dslc-col dslc-12-col dslc-last-col  dslc-module-handle-like-regular \" data-module-id=\"ba59071a189\" data-module=\"DSLC_Text_Simple\" data-dslc-module-size=\"12\" data-dslc-anim=\"none\" data-dslc-anim-delay=\"\" data-dslc-anim-duration=\"650\"  data-dslc-anim-easing=\"ease\" data-dslc-preset=\"none\" >\n\n\t\t\t\n\t\t\t\n\t\t\r\n\t\t<div class=\"dslc-text-module-content\">\r\n\t\t\t<p>Wdra\u017canie strategii rozwoju SRPR<\/p>\t\t<\/div>\r\n\r\n\t\t\n\t\t\t\t<\/div><!-- .dslc-module -->\n\t\t\n\t\t<div id=\"dslc-module-e1ec79250e4\" class=\"dslc-module-front dslc-module-DSLC_Text_Simple dslc-in-viewport-check dslc-in-viewport-anim-none  dslc-col dslc-12-col dslc-last-col  dslc-module-handle-like-regular \" data-module-id=\"e1ec79250e4\" data-module=\"DSLC_Text_Simple\" data-dslc-module-size=\"12\" data-dslc-anim=\"none\" data-dslc-anim-delay=\"\" data-dslc-anim-duration=\"950\"  data-dslc-anim-easing=\"ease\" data-dslc-preset=\"none\" >\n\n\t\t\t\n\t\t\t\n\t\t\r\n\t\t<div class=\"dslc-text-module-content\">\r\n\t\t\t<p><span style=\"color: #000000;\">\u201eJedyn\u0105\u201d rzecz\u0105 do zrobienia po zdefiniowaniu strategii jest jej wdro\u017cenie. Jest to skomplikowana praca. Ma struktur\u0119 programu. W ramach tego programu musi by\u0107 zrealizowanych kilka projekt\u00f3w. Zwykle trwa kilka lat. Program ten jest podatny na wiele wp\u0142yw\u00f3w, modyfikacji i aktualizacji. Wdra\u017caj\u0105c wszelkie ulepszenia, musisz stale pami\u0119ta\u0107, \u017ce musisz by\u0107 wspierany przez rz\u0105d jako ca\u0142o\u015b\u0107, musisz mie\u0107 sponsora wykonawczego (najlepiej w randze wicepremiera), a Twoje reformy s\u0105 akceptowane przez personel instytucji rz\u0105dowych.<\/span><\/p><p><span style=\"color: #000000;\">Mapa drogowa powinna by\u0107 podzielona na fazy. Ka\u017cda faza powinna zako\u0144czy\u0107 si\u0119 okre\u015blonym efektem. Na przyk\u0142ad w pierwszej fazie nale\u017cy wytworzy\u0107 w rz\u0105dzie \u015bwiadomo\u015b\u0107 znaczenia zarz\u0105dzania projektem. W drugiej fazie mo\u017cesz wdro\u017cy\u0107 procesy zarz\u0105dzania projektami w jednej lub dw\u00f3ch instytucjach rz\u0105dowych. W trzeciej fazie\u2026 To naprawd\u0119 zale\u017cy od Twoich potrzeb. Nikt, kto nie zna Twojego \u015brodowiska i potrzeb, nie b\u0119dzie w stanie zaplanowa\u0107 tego, czego potrzebujesz. Ponadto do\u015bwiadczenie zwykle pokazuje, \u017ce ostatnie osi\u0105gni\u0119cia generuj\u0105 nowe potrzeby lub modyfikuj\u0105 istniej\u0105ce wcze\u015bniej. Pod koniec ka\u017cdej fazy powiniene\u015b oceni\u0107 sw\u00f3j g\u0142\u00f3wny plan poprawy dojrza\u0142o\u015bci zarz\u0105dzania projektem i zaktualizowa\u0107 go.<\/span><\/p>\t\t<\/div>\r\n\r\n\t\t\n\t\t\t\t<\/div><!-- .dslc-module -->\n\t\t<\/div><\/div><\/div><\/div>","protected":false},"excerpt":{"rendered":"<p>Co robi\u0107? Wdra\u017canie strategii rozwoju SRPR \u201eJedyn\u0105\u201d rzecz\u0105 do zrobienia po zdefiniowaniu strategii jest jej wdro\u017cenie. Jest to skomplikowana praca. Ma struktur\u0119 programu. W ramach tego programu musi by\u0107 zrealizowanych kilka projekt\u00f3w. Zwykle trwa kilka lat. Program ten jest podatny na wiele wp\u0142yw\u00f3w, modyfikacji i aktualizacji. Wdra\u017caj\u0105c wszelkie ulepszenia, musisz stale pami\u0119ta\u0107, \u017ce musisz by\u0107 [&hellip;]<\/p>\n","protected":false},"author":1,"featured_media":0,"parent":0,"menu_order":0,"comment_status":"closed","ping_status":"closed","template":"","meta":{"footnotes":""},"class_list":["post-57","page","type-page","status-publish","hentry"],"yoast_head":"<!-- This site is optimized with the Yoast SEO plugin v24.6 - https:\/\/yoast.com\/wordpress\/plugins\/seo\/ -->\n<title>Wdra\u017canie strategii rozwoju SRPR - PL | gpm3.eu\/polish<\/title>\n<meta name=\"description\" content=\"Wdra\u017canie strategii rozwoju SRPR jest z\u0142o\u017conym programem. Zwykle sk\u0142ada si\u0119 z kilku projekt\u00f3w. Prace s\u0105 podzielone na fazy, w kt\u00f3rych osi\u0105gane s\u0105 okre\u015blone korzy\u015bci.\" \/>\n<meta name=\"robots\" content=\"index, follow, max-snippet:-1, max-image-preview:large, max-video-preview:-1\" \/>\n<link rel=\"canonical\" href=\"https:\/\/gpm3.eu\/polish\/wdrazanie-strategii-rozwoju-srpr\/\" \/>\n<meta property=\"og:locale\" content=\"pl_PL\" \/>\n<meta property=\"og:type\" content=\"article\" \/>\n<meta property=\"og:title\" content=\"Wdra\u017canie strategii rozwoju SRPR - PL | gpm3.eu\/polish\" \/>\n<meta property=\"og:description\" content=\"Wdra\u017canie strategii rozwoju SRPR jest z\u0142o\u017conym programem. Zwykle sk\u0142ada si\u0119 z kilku projekt\u00f3w. Prace s\u0105 podzielone na fazy, w kt\u00f3rych osi\u0105gane s\u0105 okre\u015blone korzy\u015bci.\" \/>\n<meta property=\"og:url\" content=\"https:\/\/gpm3.eu\/polish\/wdrazanie-strategii-rozwoju-srpr\/\" \/>\n<meta property=\"og:site_name\" content=\"PL | gpm3.eu\/polish\" \/>\n<meta property=\"article:modified_time\" content=\"2019-06-21T12:33:30+00:00\" \/>\n<meta name=\"twitter:card\" content=\"summary_large_image\" \/>\n<script type=\"application\/ld+json\" class=\"yoast-schema-graph\">{\"@context\":\"https:\/\/schema.org\",\"@graph\":[{\"@type\":\"WebPage\",\"@id\":\"https:\/\/gpm3.eu\/polish\/wdrazanie-strategii-rozwoju-srpr\/\",\"url\":\"https:\/\/gpm3.eu\/polish\/wdrazanie-strategii-rozwoju-srpr\/\",\"name\":\"Wdra\u017canie strategii rozwoju SRPR - PL | gpm3.eu\/polish\",\"isPartOf\":{\"@id\":\"https:\/\/gpm3.eu\/polish\/#website\"},\"datePublished\":\"2019-03-22T08:59:17+00:00\",\"dateModified\":\"2019-06-21T12:33:30+00:00\",\"description\":\"Wdra\u017canie strategii rozwoju SRPR jest z\u0142o\u017conym programem. Zwykle sk\u0142ada si\u0119 z kilku projekt\u00f3w. Prace s\u0105 podzielone na fazy, w kt\u00f3rych osi\u0105gane s\u0105 okre\u015blone korzy\u015bci.\",\"breadcrumb\":{\"@id\":\"https:\/\/gpm3.eu\/polish\/wdrazanie-strategii-rozwoju-srpr\/#breadcrumb\"},\"inLanguage\":\"pl-PL\",\"potentialAction\":[{\"@type\":\"ReadAction\",\"target\":[\"https:\/\/gpm3.eu\/polish\/wdrazanie-strategii-rozwoju-srpr\/\"]}]},{\"@type\":\"BreadcrumbList\",\"@id\":\"https:\/\/gpm3.eu\/polish\/wdrazanie-strategii-rozwoju-srpr\/#breadcrumb\",\"itemListElement\":[{\"@type\":\"ListItem\",\"position\":1,\"name\":\"Home\",\"item\":\"https:\/\/gpm3.eu\/polish\/\"},{\"@type\":\"ListItem\",\"position\":2,\"name\":\"Wdra\u017canie strategii rozwoju SRPR\"}]},{\"@type\":\"WebSite\",\"@id\":\"https:\/\/gpm3.eu\/polish\/#website\",\"url\":\"https:\/\/gpm3.eu\/polish\/\",\"name\":\"PL | gpm3.eu\/polish\",\"description\":\"gpm3.eu\/polish\",\"potentialAction\":[{\"@type\":\"SearchAction\",\"target\":{\"@type\":\"EntryPoint\",\"urlTemplate\":\"https:\/\/gpm3.eu\/polish\/?s={search_term_string}\"},\"query-input\":{\"@type\":\"PropertyValueSpecification\",\"valueRequired\":true,\"valueName\":\"search_term_string\"}}],\"inLanguage\":\"pl-PL\"}]}<\/script>\n<!-- \/ Yoast SEO plugin. -->","yoast_head_json":{"title":"Wdra\u017canie strategii rozwoju SRPR - PL | gpm3.eu\/polish","description":"Wdra\u017canie strategii rozwoju SRPR jest z\u0142o\u017conym programem. Zwykle sk\u0142ada si\u0119 z kilku projekt\u00f3w. Prace s\u0105 podzielone na fazy, w kt\u00f3rych osi\u0105gane s\u0105 okre\u015blone korzy\u015bci.","robots":{"index":"index","follow":"follow","max-snippet":"max-snippet:-1","max-image-preview":"max-image-preview:large","max-video-preview":"max-video-preview:-1"},"canonical":"https:\/\/gpm3.eu\/polish\/wdrazanie-strategii-rozwoju-srpr\/","og_locale":"pl_PL","og_type":"article","og_title":"Wdra\u017canie strategii rozwoju SRPR - PL | gpm3.eu\/polish","og_description":"Wdra\u017canie strategii rozwoju SRPR jest z\u0142o\u017conym programem. Zwykle sk\u0142ada si\u0119 z kilku projekt\u00f3w. Prace s\u0105 podzielone na fazy, w kt\u00f3rych osi\u0105gane s\u0105 okre\u015blone korzy\u015bci.","og_url":"https:\/\/gpm3.eu\/polish\/wdrazanie-strategii-rozwoju-srpr\/","og_site_name":"PL | gpm3.eu\/polish","article_modified_time":"2019-06-21T12:33:30+00:00","twitter_card":"summary_large_image","schema":{"@context":"https:\/\/schema.org","@graph":[{"@type":"WebPage","@id":"https:\/\/gpm3.eu\/polish\/wdrazanie-strategii-rozwoju-srpr\/","url":"https:\/\/gpm3.eu\/polish\/wdrazanie-strategii-rozwoju-srpr\/","name":"Wdra\u017canie strategii rozwoju SRPR - PL | gpm3.eu\/polish","isPartOf":{"@id":"https:\/\/gpm3.eu\/polish\/#website"},"datePublished":"2019-03-22T08:59:17+00:00","dateModified":"2019-06-21T12:33:30+00:00","description":"Wdra\u017canie strategii rozwoju SRPR jest z\u0142o\u017conym programem. Zwykle sk\u0142ada si\u0119 z kilku projekt\u00f3w. Prace s\u0105 podzielone na fazy, w kt\u00f3rych osi\u0105gane s\u0105 okre\u015blone korzy\u015bci.","breadcrumb":{"@id":"https:\/\/gpm3.eu\/polish\/wdrazanie-strategii-rozwoju-srpr\/#breadcrumb"},"inLanguage":"pl-PL","potentialAction":[{"@type":"ReadAction","target":["https:\/\/gpm3.eu\/polish\/wdrazanie-strategii-rozwoju-srpr\/"]}]},{"@type":"BreadcrumbList","@id":"https:\/\/gpm3.eu\/polish\/wdrazanie-strategii-rozwoju-srpr\/#breadcrumb","itemListElement":[{"@type":"ListItem","position":1,"name":"Home","item":"https:\/\/gpm3.eu\/polish\/"},{"@type":"ListItem","position":2,"name":"Wdra\u017canie strategii rozwoju SRPR"}]},{"@type":"WebSite","@id":"https:\/\/gpm3.eu\/polish\/#website","url":"https:\/\/gpm3.eu\/polish\/","name":"PL | gpm3.eu\/polish","description":"gpm3.eu\/polish","potentialAction":[{"@type":"SearchAction","target":{"@type":"EntryPoint","urlTemplate":"https:\/\/gpm3.eu\/polish\/?s={search_term_string}"},"query-input":{"@type":"PropertyValueSpecification","valueRequired":true,"valueName":"search_term_string"}}],"inLanguage":"pl-PL"}]}},"_links":{"self":[{"href":"https:\/\/gpm3.eu\/polish\/wp-json\/wp\/v2\/pages\/57","targetHints":{"allow":["GET"]}}],"collection":[{"href":"https:\/\/gpm3.eu\/polish\/wp-json\/wp\/v2\/pages"}],"about":[{"href":"https:\/\/gpm3.eu\/polish\/wp-json\/wp\/v2\/types\/page"}],"author":[{"embeddable":true,"href":"https:\/\/gpm3.eu\/polish\/wp-json\/wp\/v2\/users\/1"}],"replies":[{"embeddable":true,"href":"https:\/\/gpm3.eu\/polish\/wp-json\/wp\/v2\/comments?post=57"}],"version-history":[{"count":5,"href":"https:\/\/gpm3.eu\/polish\/wp-json\/wp\/v2\/pages\/57\/revisions"}],"predecessor-version":[{"id":422,"href":"https:\/\/gpm3.eu\/polish\/wp-json\/wp\/v2\/pages\/57\/revisions\/422"}],"wp:attachment":[{"href":"https:\/\/gpm3.eu\/polish\/wp-json\/wp\/v2\/media?parent=57"}],"curies":[{"name":"wp","href":"https:\/\/api.w.org\/{rel}","templated":true}]}}