{"id":579,"date":"2024-01-19T11:15:32","date_gmt":"2024-01-19T10:15:32","guid":{"rendered":"https:\/\/gpm3.eu\/polish\/?page_id=579"},"modified":"2024-01-19T11:52:58","modified_gmt":"2024-01-19T10:52:58","slug":"centralny-port-komunikacyjny","status":"publish","type":"page","link":"https:\/\/gpm3.eu\/polish\/centralny-port-komunikacyjny\/","title":{"rendered":"Centralny Port Komunikacyjny"},"content":{"rendered":"<div id=\"dslc-main\">\n\t\t<div  class=\"dslc-modules-section \" style=\"padding-bottom:45px;padding-top:45px;background-image:url(https:\/\/gpm3.eu\/polish\/wp-content\/uploads\/sites\/2\/2019\/03\/img2-1.jpg);background-position:center center;background-size:cover;\" data-section-id=\"62ae1fb19b1\">\n\t\t\t\t<div class=\"dslc-bg-video dslc-force-show\"><div class=\"dslc-bg-video-overlay\" style=\"background-color:#08214e; opacity:0.85; \"><\/div><\/div>\n\t\t\t\t\n\t\t\t\t<div class=\"dslc-modules-section-wrapper dslc-clearfix\"><div class=\"dslc-modules-area dslc-col dslc-2-col dslc-first-col dslc-valign- \" data-size=\"2\" data-valign=\"\"><\/div><div class=\"dslc-modules-area dslc-col dslc-8-col  dslc-valign- \" data-size=\"8\" data-valign=\"\">\n\t\t<div id=\"dslc-module-c9e25e05547\" class=\"dslc-module-front dslc-module-DSLC_Text_Simple dslc-in-viewport-check dslc-in-viewport-anim-none  dslc-col dslc-12-col dslc-last-col  dslc-module-handle-like-regular \" data-module-id=\"c9e25e05547\" data-module=\"DSLC_Text_Simple\" data-dslc-module-size=\"12\" data-dslc-anim=\"none\" data-dslc-anim-delay=\"\" data-dslc-anim-duration=\"650\"  data-dslc-anim-easing=\"ease\" data-dslc-preset=\"none\" >\n\n\t\t\t\n\t\t\t\n\t\t\r\n\t\t<div class=\"dslc-text-module-content\">\r\n\t\t\t<p>Centralny Port Komunikacyjny<\/p>\t\t<\/div>\r\n\r\n\t\t\n\t\t\t\t<\/div><!-- .dslc-module -->\n\t\t<\/div><\/div><\/div>\n\t\t<div  class=\"dslc-modules-section \" style=\"background-color:#ededed;\" data-section-id=\"5c0ca2cca3d\">\n\t\t\t\t\n\t\t\t\t\n\t\t\t\t<div class=\"dslc-modules-section-wrapper dslc-clearfix\"><div class=\"dslc-modules-area dslc-col dslc-12-col dslc-last-col dslc-valign- \" data-size=\"12\" data-valign=\"\">\n\t\t<div id=\"dslc-module-256c0154b21\" class=\"dslc-module-front dslc-module-DSLC_Text_Simple dslc-in-viewport-check dslc-in-viewport-anim-none  dslc-col dslc-12-col dslc-last-col  dslc-module-handle-like-regular \" data-module-id=\"256c0154b21\" data-module=\"DSLC_Text_Simple\" data-dslc-module-size=\"12\" data-dslc-anim=\"none\" data-dslc-anim-delay=\"\" data-dslc-anim-duration=\"650\"  data-dslc-anim-easing=\"ease\" data-dslc-preset=\"none\" >\n\n\t\t\t\n\t\t\t\n\t\t\r\n\t\t<div class=\"dslc-text-module-content\">\r\n\t\t\t<h6><span style=\"color: #000000;\"><a style=\"color: #000000;\" href=\"https:\/\/www.sybena.pl\/dokumenty\/Projekty-Publiczne\/CPK\/CPK-DGP-2020.07.08-Gasik.pdf\">Centralny Port W\u0105tpliwo\u015bci. Jak nie straci\u0107 miliard\u00f3w z\u0142otych\u00a0<\/a>(DGP, 2020.07.08)<\/span><\/h6><h6><span style=\"color: #000000;\"><a style=\"color: #000000;\" href=\"https:\/\/www.sybena.pl\/dokumenty\/Projekty-Publiczne\/CPK\/CPK-Instytut-Komorowskiego-2023.02.27-Gasik.pdf\">CPK: Droga do cywilizacyjnego skoku czy chaos? (Instytut B. Komorowskiego, 2023.02.27)<\/a><\/span><\/h6><h6><a href=\"https:\/\/www.sybena.pl\/dokumenty\/Projekty-Publiczne\/CPK\/CPK-Pasazer.com-2023.04.18-Gasik.pdf\"><span style=\"color: #333333;\">CPK: Jak nie przygotowywa\u0107 i\u00a0nie prowadzi\u0107 wielkiego\u00a0projektu\u00a0<\/span>(Pasazer.com, 2023.04.18)<\/a><\/h6><h6><span style=\"color: #000000;\"><a href=\"https:\/\/www.sybena.pl\/dokumenty\/Projekty-Publiczne\/CPK\/CPK-Kongres-Zielona-Gora-2023.09.15-Gasik.pdf\">CPK: G\u0142\u00f3wne problemy prawne i organizacyjne (Kongres Regionalnego Rynku Lotniczego, 2023.09.15)<\/a><\/span><\/h6><h6><span style=\"color: #000000;\"><a style=\"color: #000000;\" href=\"https:\/\/www.sybena.pl\/dokumenty\/Projekty-Publiczne\/CPK\/CPK-Audyt-2023.12.20-Gasik.pdf\">CPK: Jak zrobi\u0107 audyt i co ma z niego wynika\u0107 (<i>2023.12.20<\/i>)<\/a><\/span><\/h6><h6><a href=\"https:\/\/www.sybena.pl\/dokumenty\/Projekty-Publiczne\/CPK\/NIK-CPK-Uwagi-do-audytow-Gasik.pdf\">Uwagi dotycz\u0105ce audyt\u00f3w CPK wykonanych przez NIK (2025.10.21)<\/a><\/h6><p>\u00a0<\/p><p>\u00a0<\/p>\t\t<\/div>\r\n\r\n\t\t\n\t\t\t\t<\/div><!-- .dslc-module -->\n\t\t<\/div><\/div><\/div><\/div>","protected":false},"excerpt":{"rendered":"<p>Centralny Port Komunikacyjny Centralny Port W\u0105tpliwo\u015bci. Jak nie straci\u0107 miliard\u00f3w z\u0142otych\u00a0(DGP, 2020.07.08)CPK: Droga do cywilizacyjnego skoku czy chaos? (Instytut B. Komorowskiego, 2023.02.27)CPK: Jak nie przygotowywa\u0107 i\u00a0nie prowadzi\u0107 wielkiego\u00a0projektu\u00a0(Pasazer.com, 2023.04.18)CPK: G\u0142\u00f3wne problemy prawne i organizacyjne (Kongres Regionalnego Rynku Lotniczego, 2023.09.15)CPK: Jak zrobi\u0107 audyt i co ma z niego wynika\u0107 (2023.12.20)Uwagi dotycz\u0105ce audyt\u00f3w CPK wykonanych przez NIK [&hellip;]<\/p>\n","protected":false},"author":1,"featured_media":0,"parent":0,"menu_order":0,"comment_status":"closed","ping_status":"closed","template":"","meta":{"footnotes":""},"class_list":["post-579","page","type-page","status-publish","hentry"],"yoast_head":"<!-- This site is optimized with the Yoast SEO plugin v24.6 - https:\/\/yoast.com\/wordpress\/plugins\/seo\/ -->\n<title>Centralny Port Komunikacyjny - PL | gpm3.eu\/polish<\/title>\n<meta name=\"description\" content=\"Centralny Port Komunikacyjny (CPK) jest to zbi\u00f3r projekt\u00f3w obejmuj\u0105cych budow\u0119 Centralnego Portu Lotniczego oraz restrukturyzacj\u0119 transportu kolejowego w Polsce.\" \/>\n<meta name=\"robots\" content=\"index, follow, max-snippet:-1, max-image-preview:large, max-video-preview:-1\" \/>\n<link rel=\"canonical\" href=\"https:\/\/gpm3.eu\/polish\/centralny-port-komunikacyjny\/\" \/>\n<meta property=\"og:locale\" content=\"pl_PL\" \/>\n<meta property=\"og:type\" content=\"article\" \/>\n<meta property=\"og:title\" content=\"Centralny Port Komunikacyjny - PL | gpm3.eu\/polish\" \/>\n<meta property=\"og:description\" content=\"Centralny Port Komunikacyjny (CPK) jest to zbi\u00f3r projekt\u00f3w obejmuj\u0105cych budow\u0119 Centralnego Portu Lotniczego oraz restrukturyzacj\u0119 transportu kolejowego w Polsce.\" \/>\n<meta property=\"og:url\" content=\"https:\/\/gpm3.eu\/polish\/centralny-port-komunikacyjny\/\" \/>\n<meta property=\"og:site_name\" content=\"PL | gpm3.eu\/polish\" \/>\n<meta property=\"article:modified_time\" content=\"2024-01-19T10:52:58+00:00\" \/>\n<meta name=\"twitter:card\" content=\"summary_large_image\" \/>\n<script type=\"application\/ld+json\" class=\"yoast-schema-graph\">{\"@context\":\"https:\/\/schema.org\",\"@graph\":[{\"@type\":\"WebPage\",\"@id\":\"https:\/\/gpm3.eu\/polish\/centralny-port-komunikacyjny\/\",\"url\":\"https:\/\/gpm3.eu\/polish\/centralny-port-komunikacyjny\/\",\"name\":\"Centralny Port Komunikacyjny - PL | gpm3.eu\/polish\",\"isPartOf\":{\"@id\":\"https:\/\/gpm3.eu\/polish\/#website\"},\"datePublished\":\"2024-01-19T10:15:32+00:00\",\"dateModified\":\"2024-01-19T10:52:58+00:00\",\"description\":\"Centralny Port Komunikacyjny (CPK) jest to zbi\u00f3r projekt\u00f3w obejmuj\u0105cych budow\u0119 Centralnego Portu Lotniczego oraz restrukturyzacj\u0119 transportu kolejowego w Polsce.\",\"breadcrumb\":{\"@id\":\"https:\/\/gpm3.eu\/polish\/centralny-port-komunikacyjny\/#breadcrumb\"},\"inLanguage\":\"pl-PL\",\"potentialAction\":[{\"@type\":\"ReadAction\",\"target\":[\"https:\/\/gpm3.eu\/polish\/centralny-port-komunikacyjny\/\"]}]},{\"@type\":\"BreadcrumbList\",\"@id\":\"https:\/\/gpm3.eu\/polish\/centralny-port-komunikacyjny\/#breadcrumb\",\"itemListElement\":[{\"@type\":\"ListItem\",\"position\":1,\"name\":\"Home\",\"item\":\"https:\/\/gpm3.eu\/polish\/\"},{\"@type\":\"ListItem\",\"position\":2,\"name\":\"Centralny Port Komunikacyjny\"}]},{\"@type\":\"WebSite\",\"@id\":\"https:\/\/gpm3.eu\/polish\/#website\",\"url\":\"https:\/\/gpm3.eu\/polish\/\",\"name\":\"PL | gpm3.eu\/polish\",\"description\":\"gpm3.eu\/polish\",\"potentialAction\":[{\"@type\":\"SearchAction\",\"target\":{\"@type\":\"EntryPoint\",\"urlTemplate\":\"https:\/\/gpm3.eu\/polish\/?s={search_term_string}\"},\"query-input\":{\"@type\":\"PropertyValueSpecification\",\"valueRequired\":true,\"valueName\":\"search_term_string\"}}],\"inLanguage\":\"pl-PL\"}]}<\/script>\n<!-- \/ Yoast SEO plugin. -->","yoast_head_json":{"title":"Centralny Port Komunikacyjny - PL | gpm3.eu\/polish","description":"Centralny Port Komunikacyjny (CPK) jest to zbi\u00f3r projekt\u00f3w obejmuj\u0105cych budow\u0119 Centralnego Portu Lotniczego oraz restrukturyzacj\u0119 transportu kolejowego w Polsce.","robots":{"index":"index","follow":"follow","max-snippet":"max-snippet:-1","max-image-preview":"max-image-preview:large","max-video-preview":"max-video-preview:-1"},"canonical":"https:\/\/gpm3.eu\/polish\/centralny-port-komunikacyjny\/","og_locale":"pl_PL","og_type":"article","og_title":"Centralny Port Komunikacyjny - PL | gpm3.eu\/polish","og_description":"Centralny Port Komunikacyjny (CPK) jest to zbi\u00f3r projekt\u00f3w obejmuj\u0105cych budow\u0119 Centralnego Portu Lotniczego oraz restrukturyzacj\u0119 transportu kolejowego w Polsce.","og_url":"https:\/\/gpm3.eu\/polish\/centralny-port-komunikacyjny\/","og_site_name":"PL | gpm3.eu\/polish","article_modified_time":"2024-01-19T10:52:58+00:00","twitter_card":"summary_large_image","schema":{"@context":"https:\/\/schema.org","@graph":[{"@type":"WebPage","@id":"https:\/\/gpm3.eu\/polish\/centralny-port-komunikacyjny\/","url":"https:\/\/gpm3.eu\/polish\/centralny-port-komunikacyjny\/","name":"Centralny Port Komunikacyjny - PL | gpm3.eu\/polish","isPartOf":{"@id":"https:\/\/gpm3.eu\/polish\/#website"},"datePublished":"2024-01-19T10:15:32+00:00","dateModified":"2024-01-19T10:52:58+00:00","description":"Centralny Port Komunikacyjny (CPK) jest to zbi\u00f3r projekt\u00f3w obejmuj\u0105cych budow\u0119 Centralnego Portu Lotniczego oraz restrukturyzacj\u0119 transportu kolejowego w Polsce.","breadcrumb":{"@id":"https:\/\/gpm3.eu\/polish\/centralny-port-komunikacyjny\/#breadcrumb"},"inLanguage":"pl-PL","potentialAction":[{"@type":"ReadAction","target":["https:\/\/gpm3.eu\/polish\/centralny-port-komunikacyjny\/"]}]},{"@type":"BreadcrumbList","@id":"https:\/\/gpm3.eu\/polish\/centralny-port-komunikacyjny\/#breadcrumb","itemListElement":[{"@type":"ListItem","position":1,"name":"Home","item":"https:\/\/gpm3.eu\/polish\/"},{"@type":"ListItem","position":2,"name":"Centralny Port Komunikacyjny"}]},{"@type":"WebSite","@id":"https:\/\/gpm3.eu\/polish\/#website","url":"https:\/\/gpm3.eu\/polish\/","name":"PL | gpm3.eu\/polish","description":"gpm3.eu\/polish","potentialAction":[{"@type":"SearchAction","target":{"@type":"EntryPoint","urlTemplate":"https:\/\/gpm3.eu\/polish\/?s={search_term_string}"},"query-input":{"@type":"PropertyValueSpecification","valueRequired":true,"valueName":"search_term_string"}}],"inLanguage":"pl-PL"}]}},"_links":{"self":[{"href":"https:\/\/gpm3.eu\/polish\/wp-json\/wp\/v2\/pages\/579","targetHints":{"allow":["GET"]}}],"collection":[{"href":"https:\/\/gpm3.eu\/polish\/wp-json\/wp\/v2\/pages"}],"about":[{"href":"https:\/\/gpm3.eu\/polish\/wp-json\/wp\/v2\/types\/page"}],"author":[{"embeddable":true,"href":"https:\/\/gpm3.eu\/polish\/wp-json\/wp\/v2\/users\/1"}],"replies":[{"embeddable":true,"href":"https:\/\/gpm3.eu\/polish\/wp-json\/wp\/v2\/comments?post=579"}],"version-history":[{"count":1,"href":"https:\/\/gpm3.eu\/polish\/wp-json\/wp\/v2\/pages\/579\/revisions"}],"predecessor-version":[{"id":580,"href":"https:\/\/gpm3.eu\/polish\/wp-json\/wp\/v2\/pages\/579\/revisions\/580"}],"wp:attachment":[{"href":"https:\/\/gpm3.eu\/polish\/wp-json\/wp\/v2\/media?parent=579"}],"curies":[{"name":"wp","href":"https:\/\/api.w.org\/{rel}","templated":true}]}}