{"id":59,"date":"2019-03-22T09:59:31","date_gmt":"2019-03-22T08:59:31","guid":{"rendered":"http:\/\/gpm3.eu\/polish\/?page_id=59"},"modified":"2019-06-21T14:31:29","modified_gmt":"2019-06-21T12:31:29","slug":"nasze-wsparcie","status":"publish","type":"page","link":"https:\/\/gpm3.eu\/polish\/nasze-wsparcie\/","title":{"rendered":"Nasze wsparcie"},"content":{"rendered":"<div id=\"dslc-main\">\n\t\t<div  class=\"dslc-modules-section \" style=\"padding-bottom:45px;padding-top:45px;background-image:url(http:\/\/gpm3.eu\/polish\/wp-content\/uploads\/sites\/2\/2019\/04\/tlo.jpg);background-position:center center;background-size:cover;\" data-section-id=\"7dcb9a8d128\">\n\t\t\t\t<div class=\"dslc-bg-video dslc-force-show\"><div class=\"dslc-bg-video-overlay\" style=\"background-color:#08214e; opacity:0.85; \"><\/div><\/div>\n\t\t\t\t\n\t\t\t\t<div class=\"dslc-modules-section-wrapper dslc-clearfix\"><div class=\"dslc-modules-area dslc-col dslc-2-col dslc-first-col\" data-size=\"2\" data-valign=\"\"><\/div><div class=\"dslc-modules-area dslc-col dslc-8-col \" data-size=\"8\" data-valign=\"\">\n\t\t<div id=\"dslc-module-1ef4200efa9\" class=\"dslc-module-front dslc-module-DSLC_Text_Simple dslc-in-viewport-check dslc-in-viewport-anim-none  dslc-col dslc-12-col dslc-last-col  dslc-module-handle-like-regular \" data-module-id=\"1ef4200efa9\" data-module=\"DSLC_Text_Simple\" data-dslc-module-size=\"12\" data-dslc-anim=\"none\" data-dslc-anim-delay=\"\" data-dslc-anim-duration=\"650\"  data-dslc-anim-easing=\"ease-in\" data-dslc-preset=\"none\" >\n\n\t\t\t\n\t\t\t\n\t\t\r\n\t\t<div class=\"dslc-text-module-content\">\r\n\t\t\t<p>Co robi\u0107?<\/p>\t\t<\/div>\r\n\r\n\t\t\n\t\t\t\t<\/div><!-- .dslc-module -->\n\t\t<\/div><\/div><\/div>\n\t\t<div  class=\"dslc-modules-section dostosuj-wysokosc \" style=\"padding-bottom:20px;padding-top:20px;background-color:#ededed;\" data-section-id=\"4d98719305d\">\n\t\t\t\t\n\t\t\t\t\n\t\t\t\t<div class=\"dslc-modules-section-wrapper dslc-clearfix\"><div class=\"dslc-modules-area dslc-col dslc-12-col dslc-last-col\" data-size=\"12\" data-valign=\"\">\n\t\t<div id=\"dslc-module-687ee549009\" class=\"dslc-module-front dslc-module-DSLC_Text_Simple dslc-in-viewport-check dslc-in-viewport-anim-none  dslc-col dslc-12-col dslc-last-col  dslc-module-handle-like-regular \" data-module-id=\"687ee549009\" data-module=\"DSLC_Text_Simple\" data-dslc-module-size=\"12\" data-dslc-anim=\"none\" data-dslc-anim-delay=\"\" data-dslc-anim-duration=\"650\"  data-dslc-anim-easing=\"ease\" data-dslc-preset=\"none\" >\n\n\t\t\t\n\t\t\t\n\t\t\r\n\t\t<div class=\"dslc-text-module-content\">\r\n\t\t\t<p>Nasze wsparcie<\/p>\t\t<\/div>\r\n\r\n\t\t\n\t\t\t\t<\/div><!-- .dslc-module -->\n\t\t\n\t\t<div id=\"dslc-module-041370e5d45\" class=\"dslc-module-front dslc-module-DSLC_Text_Simple dslc-in-viewport-check dslc-in-viewport-anim-none  dslc-col dslc-12-col dslc-last-col  dslc-module-handle-like-regular \" data-module-id=\"041370e5d45\" data-module=\"DSLC_Text_Simple\" data-dslc-module-size=\"12\" data-dslc-anim=\"none\" data-dslc-anim-delay=\"\" data-dslc-anim-duration=\"950\"  data-dslc-anim-easing=\"ease\" data-dslc-preset=\"none\" >\n\n\t\t\t\n\t\t\t\n\t\t\r\n\t\t<div class=\"dslc-text-module-content\">\r\n\t\t\t<p><span style=\"color: #000000;\">Realizuj\u0105c nasze projekty, kt\u00f3rych celem by\u0142o pozyskanie wiedzy, zdobyli\u015bmy wiedz\u0119 na temat praktyk zarz\u0105dzania projektami rz\u0105dowymi w kilkudziesi\u0119ciu krajach. W niekt\u00f3rych krajach dobrze rozwini\u0119te jest zarz\u0105dzanie portfelami projekt\u00f3w, w innych zarz\u0105dzanie interesariuszami, a jeszcze inne mog\u0105 stanowi\u0107 model wdra\u017cania PMO na szczeblu rz\u0105dowym. Istnieje wiele rodzaj\u00f3w rz\u0105dowych praktyk zarz\u0105dzania projektami, kt\u00f3re mo\u017cna wdro\u017cy\u0107 w twoim kraju. Oczywi\u015bcie \u017cadna praktyka z jednego kraju nie mo\u017ce by\u0107 wdro\u017cona bezpo\u015brednio w innym kraju. Rozwi\u0105zania wdro\u017cone w jednym kraju s\u0105 zazwyczaj podstaw\u0105 do rozwa\u017cenia, czy takie rozwi\u0105zanie jest potrzebne w innym kraju. A je\u015bli s\u0105 potrzebne, to trzeba si\u0119 zastanowi\u0107, jak dostosowa\u0107 je do warunk\u00f3w politycznych, kulturowych lub organizacyjnych, aby mog\u0142y funkcjonowa\u0107 efektywnie w innym \u015brodowisku.<\/span><\/p><p><span style=\"color: #000000;\">Je\u015bli tego potrzebujesz, mo\u017cemy wesprze\u0107 Ci\u0119 w konkretnym obszarze zarz\u0105dzania projektami rz\u0105dowymi. Mo\u017cemy wsp\u00f3lnie przeanalizowa\u0107 Twoje potrzeby w tym obszarze, okre\u015bli\u0107, jakie s\u0105 Twoje prawdziwe wymagania, spr\u00f3bowa\u0107 znale\u017a\u0107 rozwi\u0105zanie, a na ko\u0144cu pom\u00f3c w ich wdro\u017ceniu.\u00a0Nasza wiedza mo\u017ce by\u0107 r\u00f3wnie\u017c wykorzystywana bezpo\u015brednio na inne sposoby. Aby wdro\u017cenie zako\u0144czy\u0142o si\u0119 sukcesem, pracownicy administracji musz\u0105 posiada\u0107 og\u00f3ln\u0105 wiedz\u0119 na temat sposob\u00f3w zarz\u0105dzania projektami oraz rozwi\u0105za\u0144 wdra\u017canych w administracji. Mo\u017cesz uzyska\u0107 takie wsparcie poprzez nasze szkolenia.<\/span><\/p><p><span style=\"color: #000000;\">Zarz\u0105dzanie projektem rz\u0105dowym to nowy obszar wiedzy zdefiniowany w trakcie naszych bada\u0144. Z akademickiego punktu widzenia zarz\u0105dzanie projektami rz\u0105dowymi jest analogi\u0105 do zarz\u0105dzania projektami organizacyjnymi na poziomie ca\u0142ego kraju. Uczelniom i organizacjom zajmuj\u0105cym si\u0119 rozwojem, oferujemy wyk\u0142ad lub seri\u0119 wyk\u0142ad\u00f3w na temat zarz\u0105dzania projektami rz\u0105dowymi.<\/span><\/p>\t\t<\/div>\r\n\r\n\t\t\n\t\t\t\t<\/div><!-- .dslc-module -->\n\t\t<\/div><\/div><\/div><\/div>","protected":false},"excerpt":{"rendered":"<p>Co robi\u0107? Nasze wsparcie Realizuj\u0105c nasze projekty, kt\u00f3rych celem by\u0142o pozyskanie wiedzy, zdobyli\u015bmy wiedz\u0119 na temat praktyk zarz\u0105dzania projektami rz\u0105dowymi w kilkudziesi\u0119ciu krajach. W niekt\u00f3rych krajach dobrze rozwini\u0119te jest zarz\u0105dzanie portfelami projekt\u00f3w, w innych zarz\u0105dzanie interesariuszami, a jeszcze inne mog\u0105 stanowi\u0107 model wdra\u017cania PMO na szczeblu rz\u0105dowym. Istnieje wiele rodzaj\u00f3w rz\u0105dowych praktyk zarz\u0105dzania projektami, kt\u00f3re [&hellip;]<\/p>\n","protected":false},"author":1,"featured_media":0,"parent":0,"menu_order":0,"comment_status":"closed","ping_status":"closed","template":"","meta":{"footnotes":""},"class_list":["post-59","page","type-page","status-publish","hentry"],"yoast_head":"<!-- This site is optimized with the Yoast SEO plugin v24.6 - https:\/\/yoast.com\/wordpress\/plugins\/seo\/ -->\n<title>Nasze wsparcie - PL | gpm3.eu\/polish<\/title>\n<meta name=\"description\" content=\"Realizuj\u0105c nasze projekty, kt\u00f3rych celem by\u0142o pozyskanie wiedzy, zdobyli\u015bmy wiedz\u0119 na temat praktyk zarz\u0105dzania projektami rz\u0105dowymi w kilkudziesi\u0119ciu krajach.\" \/>\n<meta name=\"robots\" content=\"index, follow, max-snippet:-1, max-image-preview:large, max-video-preview:-1\" \/>\n<link rel=\"canonical\" href=\"https:\/\/gpm3.eu\/polish\/nasze-wsparcie\/\" \/>\n<meta property=\"og:locale\" content=\"pl_PL\" \/>\n<meta property=\"og:type\" content=\"article\" \/>\n<meta property=\"og:title\" content=\"Nasze wsparcie - PL | gpm3.eu\/polish\" \/>\n<meta property=\"og:description\" content=\"Realizuj\u0105c nasze projekty, kt\u00f3rych celem by\u0142o pozyskanie wiedzy, zdobyli\u015bmy wiedz\u0119 na temat praktyk zarz\u0105dzania projektami rz\u0105dowymi w kilkudziesi\u0119ciu krajach.\" \/>\n<meta property=\"og:url\" content=\"https:\/\/gpm3.eu\/polish\/nasze-wsparcie\/\" \/>\n<meta property=\"og:site_name\" content=\"PL | gpm3.eu\/polish\" \/>\n<meta property=\"article:modified_time\" content=\"2019-06-21T12:31:29+00:00\" \/>\n<meta name=\"twitter:card\" content=\"summary_large_image\" \/>\n<script type=\"application\/ld+json\" class=\"yoast-schema-graph\">{\"@context\":\"https:\/\/schema.org\",\"@graph\":[{\"@type\":\"WebPage\",\"@id\":\"https:\/\/gpm3.eu\/polish\/nasze-wsparcie\/\",\"url\":\"https:\/\/gpm3.eu\/polish\/nasze-wsparcie\/\",\"name\":\"Nasze wsparcie - PL | gpm3.eu\/polish\",\"isPartOf\":{\"@id\":\"https:\/\/gpm3.eu\/polish\/#website\"},\"datePublished\":\"2019-03-22T08:59:31+00:00\",\"dateModified\":\"2019-06-21T12:31:29+00:00\",\"description\":\"Realizuj\u0105c nasze projekty, kt\u00f3rych celem by\u0142o pozyskanie wiedzy, zdobyli\u015bmy wiedz\u0119 na temat praktyk zarz\u0105dzania projektami rz\u0105dowymi w kilkudziesi\u0119ciu krajach.\",\"breadcrumb\":{\"@id\":\"https:\/\/gpm3.eu\/polish\/nasze-wsparcie\/#breadcrumb\"},\"inLanguage\":\"pl-PL\",\"potentialAction\":[{\"@type\":\"ReadAction\",\"target\":[\"https:\/\/gpm3.eu\/polish\/nasze-wsparcie\/\"]}]},{\"@type\":\"BreadcrumbList\",\"@id\":\"https:\/\/gpm3.eu\/polish\/nasze-wsparcie\/#breadcrumb\",\"itemListElement\":[{\"@type\":\"ListItem\",\"position\":1,\"name\":\"Home\",\"item\":\"https:\/\/gpm3.eu\/polish\/\"},{\"@type\":\"ListItem\",\"position\":2,\"name\":\"Nasze wsparcie\"}]},{\"@type\":\"WebSite\",\"@id\":\"https:\/\/gpm3.eu\/polish\/#website\",\"url\":\"https:\/\/gpm3.eu\/polish\/\",\"name\":\"PL | gpm3.eu\/polish\",\"description\":\"gpm3.eu\/polish\",\"potentialAction\":[{\"@type\":\"SearchAction\",\"target\":{\"@type\":\"EntryPoint\",\"urlTemplate\":\"https:\/\/gpm3.eu\/polish\/?s={search_term_string}\"},\"query-input\":{\"@type\":\"PropertyValueSpecification\",\"valueRequired\":true,\"valueName\":\"search_term_string\"}}],\"inLanguage\":\"pl-PL\"}]}<\/script>\n<!-- \/ Yoast SEO plugin. -->","yoast_head_json":{"title":"Nasze wsparcie - PL | gpm3.eu\/polish","description":"Realizuj\u0105c nasze projekty, kt\u00f3rych celem by\u0142o pozyskanie wiedzy, zdobyli\u015bmy wiedz\u0119 na temat praktyk zarz\u0105dzania projektami rz\u0105dowymi w kilkudziesi\u0119ciu krajach.","robots":{"index":"index","follow":"follow","max-snippet":"max-snippet:-1","max-image-preview":"max-image-preview:large","max-video-preview":"max-video-preview:-1"},"canonical":"https:\/\/gpm3.eu\/polish\/nasze-wsparcie\/","og_locale":"pl_PL","og_type":"article","og_title":"Nasze wsparcie - PL | gpm3.eu\/polish","og_description":"Realizuj\u0105c nasze projekty, kt\u00f3rych celem by\u0142o pozyskanie wiedzy, zdobyli\u015bmy wiedz\u0119 na temat praktyk zarz\u0105dzania projektami rz\u0105dowymi w kilkudziesi\u0119ciu krajach.","og_url":"https:\/\/gpm3.eu\/polish\/nasze-wsparcie\/","og_site_name":"PL | gpm3.eu\/polish","article_modified_time":"2019-06-21T12:31:29+00:00","twitter_card":"summary_large_image","schema":{"@context":"https:\/\/schema.org","@graph":[{"@type":"WebPage","@id":"https:\/\/gpm3.eu\/polish\/nasze-wsparcie\/","url":"https:\/\/gpm3.eu\/polish\/nasze-wsparcie\/","name":"Nasze wsparcie - PL | gpm3.eu\/polish","isPartOf":{"@id":"https:\/\/gpm3.eu\/polish\/#website"},"datePublished":"2019-03-22T08:59:31+00:00","dateModified":"2019-06-21T12:31:29+00:00","description":"Realizuj\u0105c nasze projekty, kt\u00f3rych celem by\u0142o pozyskanie wiedzy, zdobyli\u015bmy wiedz\u0119 na temat praktyk zarz\u0105dzania projektami rz\u0105dowymi w kilkudziesi\u0119ciu krajach.","breadcrumb":{"@id":"https:\/\/gpm3.eu\/polish\/nasze-wsparcie\/#breadcrumb"},"inLanguage":"pl-PL","potentialAction":[{"@type":"ReadAction","target":["https:\/\/gpm3.eu\/polish\/nasze-wsparcie\/"]}]},{"@type":"BreadcrumbList","@id":"https:\/\/gpm3.eu\/polish\/nasze-wsparcie\/#breadcrumb","itemListElement":[{"@type":"ListItem","position":1,"name":"Home","item":"https:\/\/gpm3.eu\/polish\/"},{"@type":"ListItem","position":2,"name":"Nasze wsparcie"}]},{"@type":"WebSite","@id":"https:\/\/gpm3.eu\/polish\/#website","url":"https:\/\/gpm3.eu\/polish\/","name":"PL | gpm3.eu\/polish","description":"gpm3.eu\/polish","potentialAction":[{"@type":"SearchAction","target":{"@type":"EntryPoint","urlTemplate":"https:\/\/gpm3.eu\/polish\/?s={search_term_string}"},"query-input":{"@type":"PropertyValueSpecification","valueRequired":true,"valueName":"search_term_string"}}],"inLanguage":"pl-PL"}]}},"_links":{"self":[{"href":"https:\/\/gpm3.eu\/polish\/wp-json\/wp\/v2\/pages\/59","targetHints":{"allow":["GET"]}}],"collection":[{"href":"https:\/\/gpm3.eu\/polish\/wp-json\/wp\/v2\/pages"}],"about":[{"href":"https:\/\/gpm3.eu\/polish\/wp-json\/wp\/v2\/types\/page"}],"author":[{"embeddable":true,"href":"https:\/\/gpm3.eu\/polish\/wp-json\/wp\/v2\/users\/1"}],"replies":[{"embeddable":true,"href":"https:\/\/gpm3.eu\/polish\/wp-json\/wp\/v2\/comments?post=59"}],"version-history":[{"count":3,"href":"https:\/\/gpm3.eu\/polish\/wp-json\/wp\/v2\/pages\/59\/revisions"}],"predecessor-version":[{"id":382,"href":"https:\/\/gpm3.eu\/polish\/wp-json\/wp\/v2\/pages\/59\/revisions\/382"}],"wp:attachment":[{"href":"https:\/\/gpm3.eu\/polish\/wp-json\/wp\/v2\/media?parent=59"}],"curies":[{"name":"wp","href":"https:\/\/api.w.org\/{rel}","templated":true}]}}