{"id":609,"date":"2026-04-14T11:32:48","date_gmt":"2026-04-14T09:32:48","guid":{"rendered":"https:\/\/gpm3.eu\/polish\/?page_id=609"},"modified":"2026-04-14T12:11:38","modified_gmt":"2026-04-14T10:11:38","slug":"strategiczne-zarzadzanie-panstwem","status":"publish","type":"page","link":"https:\/\/gpm3.eu\/polish\/wiedza\/strategiczne-zarzadzanie-panstwem\/","title":{"rendered":"Strategiczne zarz\u0105dzanie pa\u0144stwem"},"content":{"rendered":"<div id=\"dslc-main\">\n\t\t<div  class=\"dslc-modules-section \" style=\"padding-bottom:45px;padding-top:45px;background-image:url(https:\/\/gpm3.eu\/polish\/wp-content\/uploads\/sites\/2\/2019\/03\/img2-1.jpg);background-position:center center;background-size:cover;\" data-section-id=\"62ae1fb19b1\">\n\t\t\t\t<div class=\"dslc-bg-video dslc-force-show\"><div class=\"dslc-bg-video-overlay\" style=\"background-color:#08214e; opacity:0.85; \"><\/div><\/div>\n\t\t\t\t\n\t\t\t\t<div class=\"dslc-modules-section-wrapper dslc-clearfix\"><div class=\"dslc-modules-area dslc-col dslc-2-col dslc-first-col dslc-valign- \" data-size=\"2\" data-valign=\"\"><\/div><div class=\"dslc-modules-area dslc-col dslc-8-col  dslc-valign- \" data-size=\"8\" data-valign=\"\">\n\t\t<div id=\"dslc-module-c9e25e05547\" class=\"dslc-module-front dslc-module-DSLC_Text_Simple dslc-in-viewport-check dslc-in-viewport-anim-none  dslc-col dslc-12-col dslc-last-col  dslc-module-handle-like-regular \" data-module-id=\"c9e25e05547\" data-module=\"DSLC_Text_Simple\" data-dslc-module-size=\"12\" data-dslc-anim=\"none\" data-dslc-anim-delay=\"\" data-dslc-anim-duration=\"650\"  data-dslc-anim-easing=\"ease\" data-dslc-preset=\"none\" >\n\n\t\t\t\n\t\t\t\n\t\t\r\n\t\t<div class=\"dslc-text-module-content\">\r\n\t\t\t<p>Strategiczne zarz\u0105dzanie pa\u0144stwem<\/p>\t\t<\/div>\r\n\r\n\t\t\n\t\t\t\t<\/div><!-- .dslc-module -->\n\t\t<\/div><\/div><\/div>\n\t\t<div  class=\"dslc-modules-section \" style=\"background-color:#ededed;\" data-section-id=\"5c0ca2cca3d\">\n\t\t\t\t\n\t\t\t\t\n\t\t\t\t<div class=\"dslc-modules-section-wrapper dslc-clearfix\"><div class=\"dslc-modules-area dslc-col dslc-12-col dslc-last-col dslc-valign- \" data-size=\"12\" data-valign=\"\">\n\t\t<div id=\"dslc-module-256c0154b21\" class=\"dslc-module-front dslc-module-DSLC_Text_Simple dslc-in-viewport-check dslc-in-viewport-anim-none  dslc-col dslc-12-col dslc-last-col  dslc-module-handle-like-regular \" data-module-id=\"256c0154b21\" data-module=\"DSLC_Text_Simple\" data-dslc-module-size=\"12\" data-dslc-anim=\"none\" data-dslc-anim-delay=\"\" data-dslc-anim-duration=\"650\"  data-dslc-anim-easing=\"ease\" data-dslc-preset=\"none\" >\n\n\t\t\t\n\t\t\t\n\t\t\r\n\t\t<div class=\"dslc-text-module-content\">\r\n\t\t\t<h6><a href=\"https:\/\/businessinsider.com.pl\/wiadomosci\/jak-kierowac-panstwem-w-polsce-zarzadzanie-strategiczne-praktycznie-nie-istnieje\/pev56g3\">Jak kierowa\u0107 pa\u0144stwem? O braku zarz\u0105dzania strategicznego w Polsce (Business Insider,\u00a0 29 marca 2025)<\/a><\/h6><h6><a href=\"https:\/\/oko.press\/panstwo-bez-planu-jmorawiecki-strategia-rozwoju\">\u201eKamieni kupa\" Zjednoczonej Prawicy \u2013 jak Mateusz Morawiecki porzuci\u0142 w\u0142asn\u0105 strategi\u0119 rozwoju (OKO.Press, 13 pa\u017adziernika 2023)<\/a><\/h6><h6><a href=\"https:\/\/www.sybena.pl\/dokumenty\/Projekty-Publiczne\/Gasik_SIDIR_Strategia_Projekty_NIK_2023.pdf\">Strategia a projekty (Biuletyn SIDIR, nr 67, lipiec 2023)<\/a><\/h6><h6><a href=\"https:\/\/www.rp.pl\/Publicystyka\/191009792-Gasik-Administracja-systemowo-niesprawna.html\">Ocena sprawno\u015bci pa\u0144stwa w czasach rz\u0105d\u00f3w PiS (Rzeczpospolita, 3 pa\u017adziernika 2019)<\/a><\/h6><h6><a href=\"http:\/\/www.sybena.pl\/dokumenty\/Projekty-Publiczne\/Gasik-Morawieckiego-strategia-bez%20strategii-Male.jpg\">Analiza Strategii na Rzecz Odpowiedzialnego Rozwoju (Rzeczpospolita, 3 kwietnia 2017)<\/a><\/h6><h6><a href=\"https:\/\/www.sybena.pl\/dokumenty\/Projekty-Publiczne\/RZ-Jak-Usprawnic-administracje-publiczna-Gasik.pdf\">Jak usprawni\u0107 polsk\u0105 administracj\u0119 publiczn\u0105? (Rzeczpospolita, Administracja, 15 wrze\u015bnia 2015)<\/a><\/h6><h6><span style=\"color: #000000;\"><a style=\"color: #000000;\" href=\"http:\/\/www.sybena.pl\/dokumenty\/Projekty-Publiczne\/GF_Gasik_Czy_polskie_strategie_sprzyjaja_rozwojowi_kraju_2014.02.21.png\">Czy polskie strategie sprzyjaj\u0105 rozwojowi kraju? (<em>Gazeta Finansowa<\/em>, 21 lutego 2014)<\/a><\/span><\/h6><p>\u00a0<\/p><p>\u00a0<\/p><p>\u00a0<\/p><p>\u00a0<\/p>\t\t<\/div>\r\n\r\n\t\t\n\t\t\t\t<\/div><!-- .dslc-module -->\n\t\t<\/div><\/div><\/div><\/div>","protected":false},"excerpt":{"rendered":"<p>Strategiczne zarz\u0105dzanie pa\u0144stwem Jak kierowa\u0107 pa\u0144stwem? O braku zarz\u0105dzania strategicznego w Polsce (Business Insider,\u00a0 29 marca 2025)\u201eKamieni kupa&#8221; Zjednoczonej Prawicy \u2013 jak Mateusz Morawiecki porzuci\u0142 w\u0142asn\u0105 strategi\u0119 rozwoju (OKO.Press, 13 pa\u017adziernika 2023)Strategia a projekty (Biuletyn SIDIR, nr 67, lipiec 2023)Ocena sprawno\u015bci pa\u0144stwa w czasach rz\u0105d\u00f3w PiS (Rzeczpospolita, 3 pa\u017adziernika 2019)Analiza Strategii na Rzecz Odpowiedzialnego Rozwoju [&hellip;]<\/p>\n","protected":false},"author":1,"featured_media":0,"parent":13,"menu_order":0,"comment_status":"closed","ping_status":"closed","template":"","meta":{"footnotes":""},"class_list":["post-609","page","type-page","status-publish","hentry"],"yoast_head":"<!-- This site is optimized with the Yoast SEO plugin v24.6 - https:\/\/yoast.com\/wordpress\/plugins\/seo\/ -->\n<title>Strategiczne zarz\u0105dzanie pa\u0144stwem - PL | gpm3.eu\/polish<\/title>\n<meta name=\"description\" content=\"Reformy pa\u0144stwa powinny by\u0107 zgodne ze strategi\u0105 jego rozwoju. Projekty i programy s\u0105 g\u0142\u00f3wnym narz\u0119dziem realizacji strategii. Sposoby usprawnienia pa\u0144stwa s\u0105 opisane na tej stronie.\" \/>\n<meta name=\"robots\" content=\"index, follow, max-snippet:-1, max-image-preview:large, max-video-preview:-1\" \/>\n<link rel=\"canonical\" href=\"https:\/\/gpm3.eu\/polish\/wiedza\/strategiczne-zarzadzanie-panstwem\/\" \/>\n<meta property=\"og:locale\" content=\"pl_PL\" \/>\n<meta property=\"og:type\" content=\"article\" \/>\n<meta property=\"og:title\" content=\"Strategiczne zarz\u0105dzanie pa\u0144stwem - PL | gpm3.eu\/polish\" \/>\n<meta property=\"og:description\" content=\"Reformy pa\u0144stwa powinny by\u0107 zgodne ze strategi\u0105 jego rozwoju. Projekty i programy s\u0105 g\u0142\u00f3wnym narz\u0119dziem realizacji strategii. Sposoby usprawnienia pa\u0144stwa s\u0105 opisane na tej stronie.\" \/>\n<meta property=\"og:url\" content=\"https:\/\/gpm3.eu\/polish\/wiedza\/strategiczne-zarzadzanie-panstwem\/\" \/>\n<meta property=\"og:site_name\" content=\"PL | gpm3.eu\/polish\" \/>\n<meta property=\"article:modified_time\" content=\"2026-04-14T10:11:38+00:00\" \/>\n<meta name=\"twitter:card\" content=\"summary_large_image\" \/>\n<meta name=\"twitter:label1\" content=\"Szacowany czas czytania\" \/>\n\t<meta name=\"twitter:data1\" content=\"2 minuty\" \/>\n<script type=\"application\/ld+json\" class=\"yoast-schema-graph\">{\"@context\":\"https:\/\/schema.org\",\"@graph\":[{\"@type\":\"WebPage\",\"@id\":\"https:\/\/gpm3.eu\/polish\/wiedza\/strategiczne-zarzadzanie-panstwem\/\",\"url\":\"https:\/\/gpm3.eu\/polish\/wiedza\/strategiczne-zarzadzanie-panstwem\/\",\"name\":\"Strategiczne zarz\u0105dzanie pa\u0144stwem - PL | gpm3.eu\/polish\",\"isPartOf\":{\"@id\":\"https:\/\/gpm3.eu\/polish\/#website\"},\"datePublished\":\"2026-04-14T09:32:48+00:00\",\"dateModified\":\"2026-04-14T10:11:38+00:00\",\"description\":\"Reformy pa\u0144stwa powinny by\u0107 zgodne ze strategi\u0105 jego rozwoju. Projekty i programy s\u0105 g\u0142\u00f3wnym narz\u0119dziem realizacji strategii. Sposoby usprawnienia pa\u0144stwa s\u0105 opisane na tej stronie.\",\"breadcrumb\":{\"@id\":\"https:\/\/gpm3.eu\/polish\/wiedza\/strategiczne-zarzadzanie-panstwem\/#breadcrumb\"},\"inLanguage\":\"pl-PL\",\"potentialAction\":[{\"@type\":\"ReadAction\",\"target\":[\"https:\/\/gpm3.eu\/polish\/wiedza\/strategiczne-zarzadzanie-panstwem\/\"]}]},{\"@type\":\"BreadcrumbList\",\"@id\":\"https:\/\/gpm3.eu\/polish\/wiedza\/strategiczne-zarzadzanie-panstwem\/#breadcrumb\",\"itemListElement\":[{\"@type\":\"ListItem\",\"position\":1,\"name\":\"Home\",\"item\":\"https:\/\/gpm3.eu\/polish\/\"},{\"@type\":\"ListItem\",\"position\":2,\"name\":\"Wiedza\",\"item\":\"https:\/\/gpm3.eu\/polish\/wiedza\/\"},{\"@type\":\"ListItem\",\"position\":3,\"name\":\"Strategiczne zarz\u0105dzanie pa\u0144stwem\"}]},{\"@type\":\"WebSite\",\"@id\":\"https:\/\/gpm3.eu\/polish\/#website\",\"url\":\"https:\/\/gpm3.eu\/polish\/\",\"name\":\"PL | gpm3.eu\/polish\",\"description\":\"gpm3.eu\/polish\",\"potentialAction\":[{\"@type\":\"SearchAction\",\"target\":{\"@type\":\"EntryPoint\",\"urlTemplate\":\"https:\/\/gpm3.eu\/polish\/?s={search_term_string}\"},\"query-input\":{\"@type\":\"PropertyValueSpecification\",\"valueRequired\":true,\"valueName\":\"search_term_string\"}}],\"inLanguage\":\"pl-PL\"}]}<\/script>\n<!-- \/ Yoast SEO plugin. -->","yoast_head_json":{"title":"Strategiczne zarz\u0105dzanie pa\u0144stwem - PL | gpm3.eu\/polish","description":"Reformy pa\u0144stwa powinny by\u0107 zgodne ze strategi\u0105 jego rozwoju. Projekty i programy s\u0105 g\u0142\u00f3wnym narz\u0119dziem realizacji strategii. Sposoby usprawnienia pa\u0144stwa s\u0105 opisane na tej stronie.","robots":{"index":"index","follow":"follow","max-snippet":"max-snippet:-1","max-image-preview":"max-image-preview:large","max-video-preview":"max-video-preview:-1"},"canonical":"https:\/\/gpm3.eu\/polish\/wiedza\/strategiczne-zarzadzanie-panstwem\/","og_locale":"pl_PL","og_type":"article","og_title":"Strategiczne zarz\u0105dzanie pa\u0144stwem - PL | gpm3.eu\/polish","og_description":"Reformy pa\u0144stwa powinny by\u0107 zgodne ze strategi\u0105 jego rozwoju. Projekty i programy s\u0105 g\u0142\u00f3wnym narz\u0119dziem realizacji strategii. Sposoby usprawnienia pa\u0144stwa s\u0105 opisane na tej stronie.","og_url":"https:\/\/gpm3.eu\/polish\/wiedza\/strategiczne-zarzadzanie-panstwem\/","og_site_name":"PL | gpm3.eu\/polish","article_modified_time":"2026-04-14T10:11:38+00:00","twitter_card":"summary_large_image","twitter_misc":{"Szacowany czas czytania":"2 minuty"},"schema":{"@context":"https:\/\/schema.org","@graph":[{"@type":"WebPage","@id":"https:\/\/gpm3.eu\/polish\/wiedza\/strategiczne-zarzadzanie-panstwem\/","url":"https:\/\/gpm3.eu\/polish\/wiedza\/strategiczne-zarzadzanie-panstwem\/","name":"Strategiczne zarz\u0105dzanie pa\u0144stwem - PL | gpm3.eu\/polish","isPartOf":{"@id":"https:\/\/gpm3.eu\/polish\/#website"},"datePublished":"2026-04-14T09:32:48+00:00","dateModified":"2026-04-14T10:11:38+00:00","description":"Reformy pa\u0144stwa powinny by\u0107 zgodne ze strategi\u0105 jego rozwoju. Projekty i programy s\u0105 g\u0142\u00f3wnym narz\u0119dziem realizacji strategii. Sposoby usprawnienia pa\u0144stwa s\u0105 opisane na tej stronie.","breadcrumb":{"@id":"https:\/\/gpm3.eu\/polish\/wiedza\/strategiczne-zarzadzanie-panstwem\/#breadcrumb"},"inLanguage":"pl-PL","potentialAction":[{"@type":"ReadAction","target":["https:\/\/gpm3.eu\/polish\/wiedza\/strategiczne-zarzadzanie-panstwem\/"]}]},{"@type":"BreadcrumbList","@id":"https:\/\/gpm3.eu\/polish\/wiedza\/strategiczne-zarzadzanie-panstwem\/#breadcrumb","itemListElement":[{"@type":"ListItem","position":1,"name":"Home","item":"https:\/\/gpm3.eu\/polish\/"},{"@type":"ListItem","position":2,"name":"Wiedza","item":"https:\/\/gpm3.eu\/polish\/wiedza\/"},{"@type":"ListItem","position":3,"name":"Strategiczne zarz\u0105dzanie pa\u0144stwem"}]},{"@type":"WebSite","@id":"https:\/\/gpm3.eu\/polish\/#website","url":"https:\/\/gpm3.eu\/polish\/","name":"PL | gpm3.eu\/polish","description":"gpm3.eu\/polish","potentialAction":[{"@type":"SearchAction","target":{"@type":"EntryPoint","urlTemplate":"https:\/\/gpm3.eu\/polish\/?s={search_term_string}"},"query-input":{"@type":"PropertyValueSpecification","valueRequired":true,"valueName":"search_term_string"}}],"inLanguage":"pl-PL"}]}},"_links":{"self":[{"href":"https:\/\/gpm3.eu\/polish\/wp-json\/wp\/v2\/pages\/609","targetHints":{"allow":["GET"]}}],"collection":[{"href":"https:\/\/gpm3.eu\/polish\/wp-json\/wp\/v2\/pages"}],"about":[{"href":"https:\/\/gpm3.eu\/polish\/wp-json\/wp\/v2\/types\/page"}],"author":[{"embeddable":true,"href":"https:\/\/gpm3.eu\/polish\/wp-json\/wp\/v2\/users\/1"}],"replies":[{"embeddable":true,"href":"https:\/\/gpm3.eu\/polish\/wp-json\/wp\/v2\/comments?post=609"}],"version-history":[{"count":2,"href":"https:\/\/gpm3.eu\/polish\/wp-json\/wp\/v2\/pages\/609\/revisions"}],"predecessor-version":[{"id":616,"href":"https:\/\/gpm3.eu\/polish\/wp-json\/wp\/v2\/pages\/609\/revisions\/616"}],"up":[{"embeddable":true,"href":"https:\/\/gpm3.eu\/polish\/wp-json\/wp\/v2\/pages\/13"}],"wp:attachment":[{"href":"https:\/\/gpm3.eu\/polish\/wp-json\/wp\/v2\/media?parent=609"}],"curies":[{"name":"wp","href":"https:\/\/api.w.org\/{rel}","templated":true}]}}